{"id":16,"date":"2016-01-19T19:02:41","date_gmt":"2016-01-19T19:02:41","guid":{"rendered":"http:\/\/localhost\/wordpress\/?page_id=16"},"modified":"2021-08-27T12:07:55","modified_gmt":"2021-08-27T12:07:55","slug":"kontakt","status":"publish","type":"page","link":"https:\/\/sindlar.cz\/en\/kontakt\/","title":{"rendered":"Contact"},"content":{"rendered":"<p><\/p>\n<h1 style=\"text-align: center;\">Headquarters of the Holding Group SINDLAR<\/h1>\n<p>&nbsp;<\/p>\n<table class=\" alignleft\" style=\"border-collapse: collapse; width: 100%;\">\n<tbody>\n<tr>\n<td>\n<div>\n<h2 style=\"text-align: left;\"><strong>SINDLAR holding a.s.<\/strong><\/h2>\n<p>CRN 06270522<br \/>\nData box ID: zexmw5m<\/p>\n<\/div>\n<div>\n<h2 style=\"text-align: left;\"><strong>SINDLAR Group s.r.o.<\/strong><\/h2>\n<p>CRN 25967754<br \/>\nData box ID: yhe2ge3<\/p>\n<h2 style=\"text-align: left;\"><strong>\u0160INDLAR s.r.o.<\/strong><\/h2>\n<p>CRN \u00a026003236<br \/>\nData box ID: g4d5wwq<\/p>\n<div>\n<h2 style=\"text-align: left;\"><strong>SINDLAR real s.r.o.<\/strong><\/h2>\n<p>CRN 07084277<br \/>\nData box ID: ypp8jex<\/p>\n<h2 style=\"text-align: left;\"><strong>WATER &amp; RENEWABLE ENERGY s.r.o.<\/strong><\/h2>\n<p>CRN 28855655<br \/>\nData box ID: j7rk72mSINDA<\/p>\n<h2 style=\"text-align: left;\"><strong>SINDLAR SUAM s.r.o.<\/strong><\/h2>\n<p>CRN 06578497<br \/>\nData box ID: b3gukn9<\/p>\n<p>&nbsp;<\/p>\n<\/div>\n<\/div>\n<\/td>\n<td style=\"width: 50%;\">\n<p style=\"text-align: left;\">Adress:<br \/>\nNa Brn\u011b 372\/2a<br \/>\nHradec Kr\u00e1lov\u00e9<br \/>\n500 06<br \/>\nCzech Republic<\/p>\n<p style=\"text-align: left;\">Phone: +420 495 402 560<\/p>\n<h2 style=\"text-align: left;\"><strong>Director of the Holding Group<\/strong><\/h2>\n<p style=\"text-align: left;\">Ing. Miloslav \u0160indlar (sindlar@sindlar.cz)<\/p>\n<h2 style=\"text-align: left;\"><strong>Department of Economics, Personnel and Property<\/strong><\/h2>\n<p style=\"text-align: left;\">Director: Mark\u00e9ta \u0160indlarov\u00e1 (sindlarova@sindlar.cz)<\/p>\n<p>&nbsp;<\/p>\n<p><iframe loading=\"lazy\" style=\"border: 0;\" tabindex=\"0\" src=\"https:\/\/www.google.com\/maps\/embed?pb=!1m18!1m12!1m3!1d2554.3294433860524!2d15.848007916019558!3d50.19237267944062!2m3!1f0!2f0!3f0!3m2!1i1024!2i768!4f13.1!3m3!1m2!1s0x470dd4bec92518c5%3A0x6afe3bda69c3e7c6!2s%C5%A0INDLAR%20s.r.o.!5e0!3m2!1sen!2scz!4v1584106111304!5m2!1sen!2scz\" width=\"430\" height=\"200\" frameborder=\"0\" allowfullscreen=\"allowfullscreen\" aria-hidden=\"false\" data-mce-fragment=\"1\"><\/iframe><\/td>\n<\/tr>\n<\/tbody>\n<\/table>\n<p>&nbsp;<\/p>\n<h1 style=\"text-align: center;\"><\/h1>\n<table style=\"border-collapse: collapse; width: 100%;\">\n<tbody>\n<tr>\n<td style=\"width: 50%;\">\n<h1 style=\"text-align: center;\">Branches in Czech Republic<\/h1>\n<p>&nbsp;<\/p>\n<h2 style=\"text-align: left;\"><strong>\u0160INDLAR s.r.o.<\/strong><\/h2>\n<p>Sta\u0148kova 557\/18,<br \/>\nBrno<br \/>\n500 03<\/p>\n<p>Czech RepublicCRN: 26003236<br \/>\nVAT: CZ26003236<\/p>\n<p><iframe loading=\"lazy\" style=\"border: 0;\" tabindex=\"0\" src=\"https:\/\/www.google.com\/maps\/embed?pb=!1m18!1m12!1m3!1d2606.354897672672!2d16.601628115990504!3d49.212796179323874!2m3!1f0!2f0!3f0!3m2!1i1024!2i768!4f13.1!3m3!1m2!1s0x4712946c0ed45a69%3A0xe5b4061c42a35396!2sSta%C5%88kova%20557%2F18A%2C%20602%2000%20Brno-Kr%C3%A1lovo%20Pole-Ponava!5e0!3m2!1sen!2scz!4v1584454925735!5m2!1sen!2scz\" width=\"400\" height=\"200\" frameborder=\"0\" allowfullscreen=\"allowfullscreen\" aria-hidden=\"false\" data-mce-fragment=\"1\"><\/iframe><\/p>\n<p>&nbsp;<\/p>\n<p>&nbsp;<\/p>\n<p>&nbsp;<\/p>\n<p>&nbsp;<\/td>\n<td style=\"width: 50%;\">\n<h1 style=\"text-align: center;\">Branches abroad<\/h1>\n<p>&nbsp;<\/p>\n<h2 style=\"text-align: left;\"><strong>SINDLAR Chile SpA<\/strong><\/h2>\n<p>San Pio X N\u00b0 2445, Of. 803<br \/>\nProvidencia, Santiago<br \/>\nChile<\/p>\n<p>RUT: 76.885.629-K<\/p>\n<p>Phone: +56 9 8461548<br \/>\nE-mail: <a href=\"mailto:marketa.steflova@sindlar.cz\" target=\"_blank\" rel=\"noopener noreferrer\">marketa.<span class=\"il\">steflova<\/span>@sindlar.cz<\/a><\/p>\n<p><iframe loading=\"lazy\" style=\"border: 0;\" tabindex=\"0\" src=\"https:\/\/www.google.com\/maps\/embed?pb=!1m18!1m12!1m3!1d3330.059975931246!2d-70.60646358441355!3d-33.42168068078226!2m3!1f0!2f0!3f0!3m2!1i1024!2i768!4f13.1!3m3!1m2!1s0x9662cf6950dd48e1%3A0x6b41be39005fd37!2sSan%20P%C3%ADo%20X%202445%2C%20Of.%20803%2C%20Providencia%2C%20Regi%C3%B3n%20Metropolitana%2C%20Chile!5e0!3m2!1sen!2scz!4v1584109695650!5m2!1sen!2scz\" width=\"430\" height=\"200\" frameborder=\"0\" allowfullscreen=\"allowfullscreen\" aria-hidden=\"false\" data-mce-fragment=\"1\"><\/iframe><\/p>\n<p>&nbsp;<\/p>\n<h2 style=\"text-align: left;\"><strong>SINDLAR PER\u00da S.A.C.<\/strong><\/h2>\n<p>Lima<\/td>\n<\/tr>\n<\/tbody>\n<\/table>\n<p>&nbsp;<\/p>","protected":false},"excerpt":{"rendered":"<p>Headquarters of the Holding Group SINDLAR &nbsp; SINDLAR holding a.s. CRN 06270522 Data box ID: zexmw5m SINDLAR Group s.r.o. CRN 25967754 Data box ID: yhe2ge3 \u0160INDLAR s.r.o. CRN \u00a026003236 Data box ID: g4d5wwq SINDLAR real s.r.o. CRN 07084277 Data box ID: ypp8jex WATER &amp; RENEWABLE ENERGY s.r.o. CRN 28855655 Data box ID: j7rk72mSINDA SINDLAR SUAM [&hellip;]<\/p>\n","protected":false},"author":1,"featured_media":0,"parent":0,"menu_order":30,"comment_status":"open","ping_status":"closed","template":"contact.php","meta":{"_monsterinsights_skip_tracking":false,"_monsterinsights_sitenote_active":false,"_monsterinsights_sitenote_note":"","_monsterinsights_sitenote_category":0},"aioseo_notices":[],"_links":{"self":[{"href":"https:\/\/sindlar.cz\/en\/wp-json\/wp\/v2\/pages\/16"}],"collection":[{"href":"https:\/\/sindlar.cz\/en\/wp-json\/wp\/v2\/pages"}],"about":[{"href":"https:\/\/sindlar.cz\/en\/wp-json\/wp\/v2\/types\/page"}],"author":[{"embeddable":true,"href":"https:\/\/sindlar.cz\/en\/wp-json\/wp\/v2\/users\/1"}],"replies":[{"embeddable":true,"href":"https:\/\/sindlar.cz\/en\/wp-json\/wp\/v2\/comments?post=16"}],"version-history":[{"count":145,"href":"https:\/\/sindlar.cz\/en\/wp-json\/wp\/v2\/pages\/16\/revisions"}],"predecessor-version":[{"id":2782,"href":"https:\/\/sindlar.cz\/en\/wp-json\/wp\/v2\/pages\/16\/revisions\/2782"}],"wp:attachment":[{"href":"https:\/\/sindlar.cz\/en\/wp-json\/wp\/v2\/media?parent=16"}],"curies":[{"name":"wp","href":"https:\/\/api.w.org\/{rel}","templated":true}]}}