{"id":3191,"date":"2022-01-13T10:57:54","date_gmt":"2022-01-13T10:57:54","guid":{"rendered":"https:\/\/sindlar.cz\/?page_id=3191"},"modified":"2025-11-04T06:23:16","modified_gmt":"2025-11-04T05:23:16","slug":"studie-a-informacni-systemy","status":"publish","type":"page","link":"https:\/\/sindlar.cz\/en\/nabizene-sluzby\/vodni-hospodarstvi-a-zivotni-prostredi\/studie-a-informacni-systemy\/","title":{"rendered":"Studies and Information System"},"content":{"rendered":"<p><\/p>\n<ul class=\"prac_skupiny\">\n<li>\n    <a href=\"\/nabizene-sluzby\/vodni-hospodarstvi-a-zivotni-prostredi\/studie-a-informacni-systemy\/vodohospodarske-koncepce-a-planovani-projekty-gis\/\"><b>Water management analysis and planning<\/b><img src=\"https:\/\/sindlar.cz\/wp-content\/themes\/sindlar\/obr\/headers\/okruhy\/5.jpg\"><br \/>\n    <\/a>\n  <\/li>\n<li>\n    <a href=\"\/nabizene-sluzby\/vodni-hospodarstvi-a-zivotni-prostredi\/studie-a-informacni-systemy\/studie-ochrany-prirody-a-biodiverzity-uzemni-systemy-ekologicke-stability\/\"><b>Studie ochrany p\u0159\u00edrody a biodiverzity, \u00fazemn\u00ed syst\u00e9my ekologick\u00e9 stability<\/b><img src=\"https:\/\/sindlar.cz\/wp-content\/themes\/sindlar\/obr\/headers\/okruhy\/12.jpg\"><\/a>\n  <\/li>\n<li>\n    <a href=\"\/nabizene-sluzby\/vodni-hospodarstvi-a-zivotni-prostredi\/studie-a-informacni-systemy\/matematicke-modely-zatopova-uzemi-a-projekty-gis\/\"><b>Matematick\u00e9 modely, z\u00e1topov\u00e1 \u00fazem\u00ed a projekty GIS<\/b><img src=\"https:\/\/sindlar.cz\/wp-content\/themes\/sindlar\/obr\/headers\/okruhy\/13.jpg\"><\/a>\n  <\/li>\n<\/ul>\n<p><\/p>","protected":false},"excerpt":{"rendered":"<p>Water management analysis and planning Studie ochrany p\u0159\u00edrody a biodiverzity, \u00fazemn\u00ed syst\u00e9my ekologick\u00e9 stability Matematick\u00e9 modely, z\u00e1topov\u00e1 \u00fazem\u00ed a projekty GIS<\/p>\n","protected":false},"author":2,"featured_media":0,"parent":3186,"menu_order":0,"comment_status":"closed","ping_status":"closed","template":"nabidka-sluzeb.php","meta":{"_monsterinsights_skip_tracking":false,"_monsterinsights_sitenote_active":false,"_monsterinsights_sitenote_note":"","_monsterinsights_sitenote_category":0},"aioseo_notices":[],"_links":{"self":[{"href":"https:\/\/sindlar.cz\/en\/wp-json\/wp\/v2\/pages\/3191"}],"collection":[{"href":"https:\/\/sindlar.cz\/en\/wp-json\/wp\/v2\/pages"}],"about":[{"href":"https:\/\/sindlar.cz\/en\/wp-json\/wp\/v2\/types\/page"}],"author":[{"embeddable":true,"href":"https:\/\/sindlar.cz\/en\/wp-json\/wp\/v2\/users\/2"}],"replies":[{"embeddable":true,"href":"https:\/\/sindlar.cz\/en\/wp-json\/wp\/v2\/comments?post=3191"}],"version-history":[{"count":19,"href":"https:\/\/sindlar.cz\/en\/wp-json\/wp\/v2\/pages\/3191\/revisions"}],"predecessor-version":[{"id":4467,"href":"https:\/\/sindlar.cz\/en\/wp-json\/wp\/v2\/pages\/3191\/revisions\/4467"}],"up":[{"embeddable":true,"href":"https:\/\/sindlar.cz\/en\/wp-json\/wp\/v2\/pages\/3186"}],"wp:attachment":[{"href":"https:\/\/sindlar.cz\/en\/wp-json\/wp\/v2\/media?parent=3191"}],"curies":[{"name":"wp","href":"https:\/\/api.w.org\/{rel}","templated":true}]}}