{"id":3463,"date":"2022-05-31T18:27:17","date_gmt":"2022-05-31T18:27:17","guid":{"rendered":"https:\/\/sindlar.cz\/?page_id=3463"},"modified":"2023-03-30T07:40:47","modified_gmt":"2023-03-30T06:40:47","slug":"studie-ochrany-prirody-a-biodiverzity-uzemni-systemy-ekologicke-stability","status":"publish","type":"page","link":"https:\/\/sindlar.cz\/en\/nabizene-sluzby\/vodni-hospodarstvi-a-zivotni-prostredi\/studie-a-informacni-systemy\/studie-ochrany-prirody-a-biodiverzity-uzemni-systemy-ekologicke-stability\/","title":{"rendered":"Studie ochrany p\u0159\u00edrody a biodiverzity, \u00fazemn\u00ed syst\u00e9my ekologick\u00e9 stability"},"content":{"rendered":"<p class=\"qtranxs-available-languages-message qtranxs-available-languages-message-en\">Sorry, this entry is only available in <a href=\"https:\/\/sindlar.cz\/cs\/wp-json\/wp\/v2\/pages\/3463\" class=\"qtranxs-available-language-link qtranxs-available-language-link-cs\" title=\"\u010de\u0161tina\">Czech<\/a> and <a href=\"https:\/\/sindlar.cz\/es\/wp-json\/wp\/v2\/pages\/3463\" class=\"qtranxs-available-language-link qtranxs-available-language-link-es\" title=\"Espa\u00f1ol\">European Spanish<\/a>.<\/p>","protected":false},"excerpt":{"rendered":"<p>Sorry, this entry is only available in Czech and European Spanish.<\/p>\n","protected":false},"author":2,"featured_media":0,"parent":3191,"menu_order":0,"comment_status":"closed","ping_status":"closed","template":"nabidka-sluzeb.php","meta":{"_monsterinsights_skip_tracking":false,"_monsterinsights_sitenote_active":false,"_monsterinsights_sitenote_note":"","_monsterinsights_sitenote_category":0},"aioseo_notices":[],"_links":{"self":[{"href":"https:\/\/sindlar.cz\/en\/wp-json\/wp\/v2\/pages\/3463"}],"collection":[{"href":"https:\/\/sindlar.cz\/en\/wp-json\/wp\/v2\/pages"}],"about":[{"href":"https:\/\/sindlar.cz\/en\/wp-json\/wp\/v2\/types\/page"}],"author":[{"embeddable":true,"href":"https:\/\/sindlar.cz\/en\/wp-json\/wp\/v2\/users\/2"}],"replies":[{"embeddable":true,"href":"https:\/\/sindlar.cz\/en\/wp-json\/wp\/v2\/comments?post=3463"}],"version-history":[{"count":0,"href":"https:\/\/sindlar.cz\/en\/wp-json\/wp\/v2\/pages\/3463\/revisions"}],"up":[{"embeddable":true,"href":"https:\/\/sindlar.cz\/en\/wp-json\/wp\/v2\/pages\/3191"}],"wp:attachment":[{"href":"https:\/\/sindlar.cz\/en\/wp-json\/wp\/v2\/media?parent=3463"}],"curies":[{"name":"wp","href":"https:\/\/api.w.org\/{rel}","templated":true}]}}