{"id":3466,"date":"2022-05-31T18:32:07","date_gmt":"2022-05-31T18:32:07","guid":{"rendered":"https:\/\/sindlar.cz\/?page_id=3466"},"modified":"2022-11-28T22:38:00","modified_gmt":"2022-11-28T22:38:00","slug":"matematicke-modely-zatopova-uzemi-a-projekty-gis","status":"publish","type":"page","link":"https:\/\/sindlar.cz\/en\/nabizene-sluzby\/vodni-hospodarstvi-a-zivotni-prostredi\/studie-a-informacni-systemy\/matematicke-modely-zatopova-uzemi-a-projekty-gis\/","title":{"rendered":"Matematick\u00e9 modely, z\u00e1topov\u00e1 \u00fazem\u00ed a projekty GIS"},"content":{"rendered":"<p class=\"qtranxs-available-languages-message qtranxs-available-languages-message-en\">Sorry, this entry is only available in <a href=\"https:\/\/sindlar.cz\/cs\/wp-json\/wp\/v2\/pages\/3466\" class=\"qtranxs-available-language-link qtranxs-available-language-link-cs\" title=\"\u010de\u0161tina\">Czech<\/a> and <a href=\"https:\/\/sindlar.cz\/es\/wp-json\/wp\/v2\/pages\/3466\" class=\"qtranxs-available-language-link qtranxs-available-language-link-es\" title=\"Espa\u00f1ol\">European Spanish<\/a>.<\/p>","protected":false},"excerpt":{"rendered":"<p>Sorry, this entry is only available in Czech and European Spanish.<\/p>\n","protected":false},"author":2,"featured_media":0,"parent":3191,"menu_order":0,"comment_status":"closed","ping_status":"closed","template":"nabidka-sluzeb.php","meta":{"_monsterinsights_skip_tracking":false,"_monsterinsights_sitenote_active":false,"_monsterinsights_sitenote_note":"","_monsterinsights_sitenote_category":0},"aioseo_notices":[],"_links":{"self":[{"href":"https:\/\/sindlar.cz\/en\/wp-json\/wp\/v2\/pages\/3466"}],"collection":[{"href":"https:\/\/sindlar.cz\/en\/wp-json\/wp\/v2\/pages"}],"about":[{"href":"https:\/\/sindlar.cz\/en\/wp-json\/wp\/v2\/types\/page"}],"author":[{"embeddable":true,"href":"https:\/\/sindlar.cz\/en\/wp-json\/wp\/v2\/users\/2"}],"replies":[{"embeddable":true,"href":"https:\/\/sindlar.cz\/en\/wp-json\/wp\/v2\/comments?post=3466"}],"version-history":[{"count":0,"href":"https:\/\/sindlar.cz\/en\/wp-json\/wp\/v2\/pages\/3466\/revisions"}],"up":[{"embeddable":true,"href":"https:\/\/sindlar.cz\/en\/wp-json\/wp\/v2\/pages\/3191"}],"wp:attachment":[{"href":"https:\/\/sindlar.cz\/en\/wp-json\/wp\/v2\/media?parent=3466"}],"curies":[{"name":"wp","href":"https:\/\/api.w.org\/{rel}","templated":true}]}}