{"id":3523,"date":"2022-05-31T20:10:33","date_gmt":"2022-05-31T20:10:33","guid":{"rendered":"https:\/\/sindlar.cz\/?page_id=3523"},"modified":"2022-05-31T20:10:33","modified_gmt":"2022-05-31T20:10:33","slug":"podpora-investoru-v-administrativnim-povolovani-staveb-a-dotacnich-zadostech","status":"publish","type":"page","link":"https:\/\/sindlar.cz\/en\/nabizene-sluzby\/podpora-investoru-v-administrativnim-povolovani-staveb-a-dotacnich-zadostech\/","title":{"rendered":"Podpora investor\u016f v administrativn\u00edm povolov\u00e1n\u00ed staveb a dota\u010dn\u00edch \u017e\u00e1dostech"},"content":{"rendered":"<p class=\"qtranxs-available-languages-message qtranxs-available-languages-message-en\">Sorry, this entry is only available in <a href=\"https:\/\/sindlar.cz\/cs\/wp-json\/wp\/v2\/pages\/3523\" class=\"qtranxs-available-language-link qtranxs-available-language-link-cs\" title=\"\u010de\u0161tina\">Czech<\/a>.<\/p>","protected":false},"excerpt":{"rendered":"<p>Sorry, this entry is only available in Czech.<\/p>\n","protected":false},"author":2,"featured_media":0,"parent":3155,"menu_order":0,"comment_status":"closed","ping_status":"closed","template":"nabidka-sluzeb.php","meta":{"_monsterinsights_skip_tracking":false,"_monsterinsights_sitenote_active":false,"_monsterinsights_sitenote_note":"","_monsterinsights_sitenote_category":0},"aioseo_notices":[],"_links":{"self":[{"href":"https:\/\/sindlar.cz\/en\/wp-json\/wp\/v2\/pages\/3523"}],"collection":[{"href":"https:\/\/sindlar.cz\/en\/wp-json\/wp\/v2\/pages"}],"about":[{"href":"https:\/\/sindlar.cz\/en\/wp-json\/wp\/v2\/types\/page"}],"author":[{"embeddable":true,"href":"https:\/\/sindlar.cz\/en\/wp-json\/wp\/v2\/users\/2"}],"replies":[{"embeddable":true,"href":"https:\/\/sindlar.cz\/en\/wp-json\/wp\/v2\/comments?post=3523"}],"version-history":[{"count":0,"href":"https:\/\/sindlar.cz\/en\/wp-json\/wp\/v2\/pages\/3523\/revisions"}],"up":[{"embeddable":true,"href":"https:\/\/sindlar.cz\/en\/wp-json\/wp\/v2\/pages\/3155"}],"wp:attachment":[{"href":"https:\/\/sindlar.cz\/en\/wp-json\/wp\/v2\/media?parent=3523"}],"curies":[{"name":"wp","href":"https:\/\/api.w.org\/{rel}","templated":true}]}}