{"id":4125,"date":"2024-03-19T10:34:13","date_gmt":"2024-03-19T09:34:13","guid":{"rendered":"https:\/\/sindlar.cz\/?page_id=4125"},"modified":"2026-04-09T13:22:46","modified_gmt":"2026-04-09T12:22:46","slug":"projektant-vh-staveb-praha","status":"publish","type":"page","link":"https:\/\/sindlar.cz\/en\/kariera\/projektant-vh-staveb-praha\/","title":{"rendered":"Projektant\/ka vodohospod\u00e1\u0159sk\u00fdch staveb &#8211; vedouc\u00ed projektu"},"content":{"rendered":"<p class=\"qtranxs-available-languages-message qtranxs-available-languages-message-en\">Sorry, this entry is only available in <a href=\"https:\/\/sindlar.cz\/cs\/wp-json\/wp\/v2\/pages\/4125\" class=\"qtranxs-available-language-link qtranxs-available-language-link-cs\" title=\"\u010de\u0161tina\">Czech<\/a>.<\/p>","protected":false},"excerpt":{"rendered":"<p>Sorry, this entry is only available in Czech.<\/p>\n","protected":false},"author":2,"featured_media":0,"parent":2983,"menu_order":0,"comment_status":"closed","ping_status":"closed","template":"Kontakt_luho.php","meta":{"_monsterinsights_skip_tracking":false,"_monsterinsights_sitenote_active":false,"_monsterinsights_sitenote_note":"","_monsterinsights_sitenote_category":0},"aioseo_notices":[],"_links":{"self":[{"href":"https:\/\/sindlar.cz\/en\/wp-json\/wp\/v2\/pages\/4125"}],"collection":[{"href":"https:\/\/sindlar.cz\/en\/wp-json\/wp\/v2\/pages"}],"about":[{"href":"https:\/\/sindlar.cz\/en\/wp-json\/wp\/v2\/types\/page"}],"author":[{"embeddable":true,"href":"https:\/\/sindlar.cz\/en\/wp-json\/wp\/v2\/users\/2"}],"replies":[{"embeddable":true,"href":"https:\/\/sindlar.cz\/en\/wp-json\/wp\/v2\/comments?post=4125"}],"version-history":[{"count":0,"href":"https:\/\/sindlar.cz\/en\/wp-json\/wp\/v2\/pages\/4125\/revisions"}],"up":[{"embeddable":true,"href":"https:\/\/sindlar.cz\/en\/wp-json\/wp\/v2\/pages\/2983"}],"wp:attachment":[{"href":"https:\/\/sindlar.cz\/en\/wp-json\/wp\/v2\/media?parent=4125"}],"curies":[{"name":"wp","href":"https:\/\/api.w.org\/{rel}","templated":true}]}}