{"id":43,"date":"2016-01-19T19:28:10","date_gmt":"2016-01-19T19:28:10","guid":{"rendered":"http:\/\/localhost\/wordpress\/?page_id=43"},"modified":"2025-09-29T16:57:46","modified_gmt":"2025-09-29T15:57:46","slug":"ke-stazeni","status":"publish","type":"page","link":"https:\/\/sindlar.cz\/en\/o-nas\/ke-stazeni\/","title":{"rendered":"Downloads"},"content":{"rendered":"<p><\/p>\n<h1>Presentation materials<\/h1>\n<h2>Services and projects<\/h2>\n<p>English<\/p>\n<ul>\n<li><a href=\"http:\/\/sindlar.cz\/o-nas\/ke-stazeni\/00_about_sindlar-group\/\" rel=\"attachment wp-att-2206\">About SINDLAR group<\/a><\/li>\n<li><a href=\"http:\/\/sindlar.cz\/o-nas\/ke-stazeni\/scope-of-services\/\" rel=\"attachment wp-att-2217\">Scope of Services<\/a><\/li>\n<li><a href=\"http:\/\/sindlar.cz\/o-nas\/ke-stazeni\/09_educational-cultural-and-social-programs_12\/\" rel=\"attachment wp-att-2216\">Educational cultural and social programs<\/a><\/li>\n<li><a href=\"http:\/\/sindlar.cz\/o-nas\/ke-stazeni\/08_renewable-sources-of-energy_12\/\" rel=\"attachment wp-att-2215\">Renewable sources of energy<\/a><\/li>\n<li><a href=\"http:\/\/sindlar.cz\/o-nas\/ke-stazeni\/07_river-marches-and-flood-plain-restoration_12\/\" rel=\"attachment wp-att-2214\">River marches and flood plain restoration<\/a><\/li>\n<li><a href=\"http:\/\/sindlar.cz\/o-nas\/ke-stazeni\/06_geomorphological-fluvial-analyses_12\/\" rel=\"attachment wp-att-2213\">Geomorphological fluvial analyses<\/a><\/li>\n<li><a href=\"http:\/\/sindlar.cz\/o-nas\/ke-stazeni\/05_landscape-ecology-nature-and-biodiversity-protection_12\/\" rel=\"attachment wp-att-2212\">Landscape ecology, nature and biodiversity protection<\/a><\/li>\n<li><a href=\"http:\/\/sindlar.cz\/o-nas\/ke-stazeni\/04_rainwater-and-wastewater-management_12\/\" rel=\"attachment wp-att-2211\">Rainwater and wastewater management<\/a><\/li>\n<li><a href=\"http:\/\/sindlar.cz\/o-nas\/ke-stazeni\/03_water-management-technological-units_12\/\" rel=\"attachment wp-att-2210\">Water management technological units<\/a><\/li>\n<li><a href=\"http:\/\/sindlar.cz\/o-nas\/ke-stazeni\/02_water-management-structures-and-flood-protection_12\/\" rel=\"attachment wp-att-2209\">Water management structures and flood protection<\/a><\/li>\n<li><a href=\"http:\/\/sindlar.cz\/o-nas\/ke-stazeni\/01_water-management-analysis-and-river-basin-management-plans_12\/\" rel=\"attachment wp-att-2208\">Water management analysis and river basin management plans<\/a><\/li>\n<\/ul>\n<p>&nbsp;<\/p>\n<p><!--Czech--><\/p>\n<p>Spanish<\/p>\n<ul>\n<li><a href=\"http:\/\/sindlar.cz\/o-nas\/ke-stazeni\/acerca-del-grupo-sindlar\/\" rel=\"attachment wp-att-2241\">Acerca del Grupo SINDLAR<\/a><\/li>\n<li><a href=\"http:\/\/sindlar.cz\/o-nas\/ke-stazeni\/05_web_ecologia-del-paisaje-proteccion-de-la-naturaleza-y-biodiversidad\/\" rel=\"attachment wp-att-2245\">Ecolog\u00eda del paisaje, protecci\u00f3n de la naturaleza y biodiversidad<\/a><\/li>\n<li><a href=\"http:\/\/sindlar.cz\/o-nas\/ke-stazeni\/06_web_analisis-de-geomorfologia-fluvial\/\" rel=\"attachment wp-att-2246\">An\u00e1lisis de geomorfolog\u00eda fluvial<\/a><\/li>\n<li><a href=\"http:\/\/sindlar.cz\/o-nas\/ke-stazeni\/07_web_restauracion-de-rios-humedales-y-llanuras-aluviales\/\" rel=\"attachment wp-att-2247\">Restauraci\u00f3n de r\u00edos, humedales y llanuras aluviales<\/a><\/li>\n<li><a href=\"http:\/\/sindlar.cz\/o-nas\/ke-stazeni\/08_web_recursos-de-energia-renovable\/\" rel=\"attachment wp-att-2248\">Recursos de energ\u00eda renovable<\/a><\/li>\n<li><a href=\"http:\/\/sindlar.cz\/o-nas\/ke-stazeni\/09_web_landscape-ecology-nature-and-biodiversity-protection\/\" rel=\"attachment wp-att-2249\">Landscape ecology, nature and biodiversity protection<\/a><\/li>\n<li><a href=\"http:\/\/sindlar.cz\/o-nas\/ke-stazeni\/10_web_capacitacion-programas-culturales-y-sociales\/\" rel=\"attachment wp-att-2250\">Capacitaci\u00f3n, programas culturales y sociales<\/a><\/li>\n<li><a href=\"http:\/\/sindlar.cz\/o-nas\/ke-stazeni\/04_web_manejo-de-aguas-pluviales-y-aguas-residuales\/\" rel=\"attachment wp-att-2244\">Manejo de aguas pluviales y aguas residuales<\/a><\/li>\n<li><a href=\"http:\/\/sindlar.cz\/o-nas\/ke-stazeni\/03_web_sistemas-tecnologicos-hidraulicos\/\" rel=\"attachment wp-att-2243\">Sistemas tecnol\u00f3gicos hidr\u00e1ulicos<\/a><\/li>\n<li><a href=\"http:\/\/sindlar.cz\/o-nas\/ke-stazeni\/02_web_obras-hidraulicas-y-defensa-contra-inundaciones\/\" rel=\"attachment wp-att-2242\">Obras hidr\u00e1ulicas y defensa contra inundaciones<\/a><\/li>\n<li><a href=\"http:\/\/sindlar.cz\/o-nas\/ke-stazeni\/01_web_analisis-hidrologicos-y-planes-de-gestion-de-cuencas\/\" rel=\"attachment wp-att-2240\">Analisis hidrol\u00f3gicos y planes de gesti\u00f3n de cuencas<\/a><\/li>\n<li><a href=\"http:\/\/sindlar.cz\/o-nas\/ke-stazeni\/03_water-management-technological-units_12-2\/\" rel=\"attachment wp-att-2234\">Water management technological units<\/a><\/li>\n<\/ul>\n<p><!--Russian\n\n\n<ul>\n \t\n\n<li><a href=\"http:\/\/sindlar.cz\/\/wp-content\/uploads\/seznam-nab\u00edzen\u00fdch-slu\u017eeb.pdf\">\u041e\u0441\u043d\u043e\u0432\u043d\u044b\u0435 \u043e\u0431\u043b\u0430\u0441\u0442\u0438 \u0434\u0435\u044f\u0442\u0435\u043b\u044c\u043d\u043e\u0441\u0442\u0438<\/a><\/li>\n\n\n<\/ul>\n\n--><\/p>\n<h1>Company logo<\/h1>\n<p>Logo SINDLAR<\/p>\n<p><a href=\"http:\/\/sindlar.cz\/\/wp-content\/uploads\/logo_samotne_1_1_1.jpg\" rel=\"attachment wp-att-2252\" data-rel=\"lightbox-gallery-hqTE8zoT\" data-rl_title=\"\" data-rl_caption=\"\" title=\"\"><img loading=\"lazy\" class=\"alignleft wp-image-2252 size-medium\" src=\"http:\/\/sindlar.cz\/\/wp-content\/uploads\/logo_samotne_1_1_1-300x154.jpg\" alt=\"\" width=\"300\" height=\"154\" \/><\/a><\/p>\n<p>&nbsp;<\/p>\n<p>&nbsp;<\/p>\n<p>&nbsp;<\/p>\n<p>&nbsp;<\/p>\n<p>&nbsp;<\/p>\n<p>&nbsp;<\/p>\n<p>Logo SINDLAR with additional text<\/p>\n<p><a href=\"http:\/\/sindlar.cz\/\/wp-content\/uploads\/logo_TEXT_1_1_2a.jpg\" data-rel=\"lightbox-gallery-hqTE8zoT\" data-rl_title=\"\" data-rl_caption=\"\" title=\"\"><img loading=\"lazy\" class=\"alignleft size-medium wp-image-2255\" src=\"http:\/\/sindlar.cz\/\/wp-content\/uploads\/logo_TEXT_1_1_2a-286x200.jpg\" alt=\"\" width=\"286\" height=\"200\" \/><\/a><\/p>\n<p>&nbsp;<\/p>\n<p>&nbsp;<\/p>\n<p>&nbsp;<\/p>\n<p>&nbsp;<\/p>\n<p>&nbsp;<\/p>\n<p>&nbsp;<\/p>\n<p>&nbsp;<br \/>\nLogo SINDLAR with additional text 2<br \/>\n<a href=\"http:\/\/sindlar.cz\/\/wp-content\/uploads\/logo_TEXT_POD_1_1_2b.jpg\" data-rel=\"lightbox-gallery-hqTE8zoT\" data-rl_title=\"\" data-rl_caption=\"\" title=\"\"><img loading=\"lazy\" class=\"alignleft size-medium wp-image-2256\" src=\"http:\/\/sindlar.cz\/\/wp-content\/uploads\/logo_TEXT_POD_1_1_2b-300x61.jpg\" alt=\"\" width=\"300\" height=\"61\" \/><\/a><\/p>","protected":false},"excerpt":{"rendered":"<p>Presentation materials Services and projects English About SINDLAR group Scope of Services Educational cultural and social programs Renewable sources of energy River marches and flood plain restoration Geomorphological fluvial analyses Landscape ecology, nature and biodiversity protection Rainwater and wastewater management Water management technological units Water management structures and flood protection Water management analysis and river [&hellip;]<\/p>\n","protected":false},"author":1,"featured_media":0,"parent":2,"menu_order":0,"comment_status":"open","ping_status":"open","template":"","meta":{"_monsterinsights_skip_tracking":false,"_monsterinsights_sitenote_active":false,"_monsterinsights_sitenote_note":"","_monsterinsights_sitenote_category":0},"aioseo_notices":[],"_links":{"self":[{"href":"https:\/\/sindlar.cz\/en\/wp-json\/wp\/v2\/pages\/43"}],"collection":[{"href":"https:\/\/sindlar.cz\/en\/wp-json\/wp\/v2\/pages"}],"about":[{"href":"https:\/\/sindlar.cz\/en\/wp-json\/wp\/v2\/types\/page"}],"author":[{"embeddable":true,"href":"https:\/\/sindlar.cz\/en\/wp-json\/wp\/v2\/users\/1"}],"replies":[{"embeddable":true,"href":"https:\/\/sindlar.cz\/en\/wp-json\/wp\/v2\/comments?post=43"}],"version-history":[{"count":29,"href":"https:\/\/sindlar.cz\/en\/wp-json\/wp\/v2\/pages\/43\/revisions"}],"predecessor-version":[{"id":4400,"href":"https:\/\/sindlar.cz\/en\/wp-json\/wp\/v2\/pages\/43\/revisions\/4400"}],"up":[{"embeddable":true,"href":"https:\/\/sindlar.cz\/en\/wp-json\/wp\/v2\/pages\/2"}],"wp:attachment":[{"href":"https:\/\/sindlar.cz\/en\/wp-json\/wp\/v2\/media?parent=43"}],"curies":[{"name":"wp","href":"https:\/\/api.w.org\/{rel}","templated":true}]}}