{"id":4505,"date":"2026-03-11T15:31:30","date_gmt":"2026-03-11T14:31:30","guid":{"rendered":"https:\/\/sindlar.cz\/?page_id=4505"},"modified":"2026-03-11T15:31:44","modified_gmt":"2026-03-11T14:31:44","slug":"ic-hk","status":"publish","type":"page","link":"https:\/\/sindlar.cz\/en\/kariera\/ic-hk\/","title":{"rendered":"SPECIALISTA \/ SPECIALISTKA IN\u017dEN\u00ddRSK\u00c9 \u010cINNOSTI A DOTA\u010cN\u00cdHO MANAGEMENTU"},"content":{"rendered":"<p class=\"qtranxs-available-languages-message qtranxs-available-languages-message-en\">Sorry, this entry is only available in <a href=\"https:\/\/sindlar.cz\/cs\/wp-json\/wp\/v2\/pages\/4505\" class=\"qtranxs-available-language-link qtranxs-available-language-link-cs\" title=\"\u010de\u0161tina\">Czech<\/a>.<\/p>","protected":false},"excerpt":{"rendered":"<p>Sorry, this entry is only available in Czech.<\/p>\n","protected":false},"author":2,"featured_media":0,"parent":2983,"menu_order":0,"comment_status":"closed","ping_status":"closed","template":"","meta":{"_monsterinsights_skip_tracking":false,"_monsterinsights_sitenote_active":false,"_monsterinsights_sitenote_note":"","_monsterinsights_sitenote_category":0},"aioseo_notices":[],"_links":{"self":[{"href":"https:\/\/sindlar.cz\/en\/wp-json\/wp\/v2\/pages\/4505"}],"collection":[{"href":"https:\/\/sindlar.cz\/en\/wp-json\/wp\/v2\/pages"}],"about":[{"href":"https:\/\/sindlar.cz\/en\/wp-json\/wp\/v2\/types\/page"}],"author":[{"embeddable":true,"href":"https:\/\/sindlar.cz\/en\/wp-json\/wp\/v2\/users\/2"}],"replies":[{"embeddable":true,"href":"https:\/\/sindlar.cz\/en\/wp-json\/wp\/v2\/comments?post=4505"}],"version-history":[{"count":0,"href":"https:\/\/sindlar.cz\/en\/wp-json\/wp\/v2\/pages\/4505\/revisions"}],"up":[{"embeddable":true,"href":"https:\/\/sindlar.cz\/en\/wp-json\/wp\/v2\/pages\/2983"}],"wp:attachment":[{"href":"https:\/\/sindlar.cz\/en\/wp-json\/wp\/v2\/media?parent=4505"}],"curies":[{"name":"wp","href":"https:\/\/api.w.org\/{rel}","templated":true}]}}