{"id":124,"date":"2016-01-24T15:25:26","date_gmt":"2016-01-24T15:25:26","guid":{"rendered":"http:\/\/localhost\/wordpress\/?page_id=124"},"modified":"2021-04-20T08:48:35","modified_gmt":"2021-04-20T08:48:35","slug":"evropa","status":"publish","type":"page","link":"https:\/\/sindlar.cz\/es\/regionalni-aktivity\/evropa\/","title":{"rendered":"B\u00e9lgica"},"content":{"rendered":"<p>A partir del a\u00f1o 2009 el grupo SINDLAR ofrece sus servicios de consultor\u00eda para las Direcciones Generales (DGs) de la Comisi\u00f3n Europea, especialmente para DG Medio Ambiente y para los proyectos EuropeAid &#8211; Desarrollo y Cooperacion (DEVCO). Actualmente el grupo SINDLAR ya cuenta con todas las calificaciones necesarias para poder participar en las licitaciones, seg\u00fan los requerimientos de la Uni\u00f3n Europea.<\/p>\n<p>Las actividades en este territorio est\u00e1n basadas en participaci\u00f3n en reuniones y eventos importantes en Bruselas y presentaci\u00f3n del grupo SINDLAR.<\/p>\n<p>Lo m\u00e1s importante para nuestro grupo son buenas referencias de nuestro trabajo en varias partes del mundo donde la Comisi\u00f3n Europea busca servicios de consultor\u00eda dentro de la esfera de nuestro trabajo.<\/p>","protected":false},"excerpt":{"rendered":"<p>A partir del a\u00f1o 2009 el grupo SINDLAR ofrece sus servicios de consultor\u00eda para las Direcciones Generales (DGs) de la Comisi\u00f3n Europea, especialmente para DG Medio Ambiente y para los proyectos EuropeAid &#8211; Desarrollo y Cooperacion (DEVCO). Actualmente el grupo SINDLAR ya cuenta con todas las calificaciones necesarias para poder participar en las licitaciones, seg\u00fan [&hellip;]<\/p>\n","protected":false},"author":1,"featured_media":0,"parent":14,"menu_order":0,"comment_status":"closed","ping_status":"closed","template":"region.php","meta":{"_monsterinsights_skip_tracking":false,"_monsterinsights_sitenote_active":false,"_monsterinsights_sitenote_note":"","_monsterinsights_sitenote_category":0},"aioseo_notices":[],"_links":{"self":[{"href":"https:\/\/sindlar.cz\/es\/wp-json\/wp\/v2\/pages\/124"}],"collection":[{"href":"https:\/\/sindlar.cz\/es\/wp-json\/wp\/v2\/pages"}],"about":[{"href":"https:\/\/sindlar.cz\/es\/wp-json\/wp\/v2\/types\/page"}],"author":[{"embeddable":true,"href":"https:\/\/sindlar.cz\/es\/wp-json\/wp\/v2\/users\/1"}],"replies":[{"embeddable":true,"href":"https:\/\/sindlar.cz\/es\/wp-json\/wp\/v2\/comments?post=124"}],"version-history":[{"count":3,"href":"https:\/\/sindlar.cz\/es\/wp-json\/wp\/v2\/pages\/124\/revisions"}],"predecessor-version":[{"id":1937,"href":"https:\/\/sindlar.cz\/es\/wp-json\/wp\/v2\/pages\/124\/revisions\/1937"}],"up":[{"embeddable":true,"href":"https:\/\/sindlar.cz\/es\/wp-json\/wp\/v2\/pages\/14"}],"wp:attachment":[{"href":"https:\/\/sindlar.cz\/es\/wp-json\/wp\/v2\/media?parent=124"}],"curies":[{"name":"wp","href":"https:\/\/api.w.org\/{rel}","templated":true}]}}