{"id":1262,"date":"2017-09-12T07:23:18","date_gmt":"2017-09-12T07:23:18","guid":{"rendered":"http:\/\/sindlar.cz\/\/?page_id=1262"},"modified":"2024-01-28T19:43:14","modified_gmt":"2024-01-28T18:43:14","slug":"struktura-spolecnosti","status":"publish","type":"page","link":"https:\/\/sindlar.cz\/es\/o-nas\/struktura-spolecnosti\/","title":{"rendered":"Estructura personal de la sociedad"},"content":{"rendered":"<p><\/p>\n<h1>Director de la sociedad<a href=\"http:\/\/sindlar.cz\/\/wp-content\/uploads\/evropa-do-textu.jpg\" rel=\"attachment wp-att-1263\" data-rel=\"lightbox-gallery-2tRa8QKR\" data-rl_title=\"\" data-rl_caption=\"\" title=\"\"><br \/>\n<\/a><\/h1>\n<p style=\"text-align: center;\"><strong>Ing. Miloslav \u0160indlar<\/strong><\/p>\n<p style=\"text-align: center;\">e-mail: sindlar@sindlar.cz<\/p>\n<div>\n<h1>Econom\u00eda, Propiedad y Recursos Humanos<\/h1>\n<p style=\"text-align: center;\"><strong>Directora: Mark\u00e9ta \u0160indlarov\u00e1<\/strong><\/p>\n<p style=\"text-align: center;\">e-mail: sindlarova@sindlar.cz<\/p>\n<p>&nbsp;<\/p>\n<\/div>\n<div>\n<h1>Departamento de Estudios y sistemas de informaci\u00f3n<\/h1>\n<p style=\"text-align: center;\"><strong>Jefe del departamento: Mgr. Jan Zapletal<\/strong><\/p>\n<p style=\"text-align: center;\">e-mail: zapletal@sindlar.cz<\/p>\n<p>&nbsp;<\/p>\n<h1>Departamento de<strong>\u00a0<\/strong>Ingenier\u00eda del paisaje y restauraci\u00f3n de r\u00edos<\/h1>\n<p style=\"text-align: center;\"><strong>Jefe del departamento: Ing. Tereza Kaplanov\u00e1 \u0160indlarov\u00e1<\/strong><\/p>\n<p style=\"text-align: center;\">e-mail: tereza.sindlarova@sindlar.cz<\/p>\n<\/div>\n<p>&nbsp;<\/p>\n<h1>Departamento de Preparaci\u00f3n de proyectos de obras hidr\u00e1ulicas y ecol\u00f3gicas<\/h1>\n<p style=\"text-align: center;\"><strong>Jefe del departamento: Ing. Tereza Kaplanov\u00e1 \u0160indlarov\u00e1<\/strong><\/p>\n<p style=\"text-align: center;\">e-mail: tereza.sindlarova@sindlar.cz<\/p>\n<p><\/p>","protected":false},"excerpt":{"rendered":"<p>Director de la sociedad Ing. Miloslav \u0160indlar e-mail: sindlar@sindlar.cz Econom\u00eda, Propiedad y Recursos Humanos Directora: Mark\u00e9ta \u0160indlarov\u00e1 e-mail: sindlarova@sindlar.cz &nbsp; Departamento de Estudios y sistemas de informaci\u00f3n Jefe del departamento: Mgr. Jan Zapletal e-mail: zapletal@sindlar.cz &nbsp; Departamento de\u00a0Ingenier\u00eda del paisaje y restauraci\u00f3n de r\u00edos Jefe del departamento: Ing. Tereza Kaplanov\u00e1 \u0160indlarov\u00e1 e-mail: tereza.sindlarova@sindlar.cz &nbsp; Departamento [&hellip;]<\/p>\n","protected":false},"author":1,"featured_media":0,"parent":2,"menu_order":0,"comment_status":"closed","ping_status":"closed","template":"","meta":{"_monsterinsights_skip_tracking":false,"_monsterinsights_sitenote_active":false,"_monsterinsights_sitenote_note":"","_monsterinsights_sitenote_category":0},"aioseo_notices":[],"_links":{"self":[{"href":"https:\/\/sindlar.cz\/es\/wp-json\/wp\/v2\/pages\/1262"}],"collection":[{"href":"https:\/\/sindlar.cz\/es\/wp-json\/wp\/v2\/pages"}],"about":[{"href":"https:\/\/sindlar.cz\/es\/wp-json\/wp\/v2\/types\/page"}],"author":[{"embeddable":true,"href":"https:\/\/sindlar.cz\/es\/wp-json\/wp\/v2\/users\/1"}],"replies":[{"embeddable":true,"href":"https:\/\/sindlar.cz\/es\/wp-json\/wp\/v2\/comments?post=1262"}],"version-history":[{"count":13,"href":"https:\/\/sindlar.cz\/es\/wp-json\/wp\/v2\/pages\/1262\/revisions"}],"predecessor-version":[{"id":4107,"href":"https:\/\/sindlar.cz\/es\/wp-json\/wp\/v2\/pages\/1262\/revisions\/4107"}],"up":[{"embeddable":true,"href":"https:\/\/sindlar.cz\/es\/wp-json\/wp\/v2\/pages\/2"}],"wp:attachment":[{"href":"https:\/\/sindlar.cz\/es\/wp-json\/wp\/v2\/media?parent=1262"}],"curies":[{"name":"wp","href":"https:\/\/api.w.org\/{rel}","templated":true}]}}