{"id":141,"date":"2016-01-25T10:28:01","date_gmt":"2016-01-25T10:28:01","guid":{"rendered":"http:\/\/localhost\/wordpress\/?page_id=141"},"modified":"2018-01-25T16:14:26","modified_gmt":"2018-01-25T16:14:26","slug":"ceska-republika","status":"publish","type":"page","link":"https:\/\/sindlar.cz\/es\/regionalni-aktivity\/ceska-republika\/","title":{"rendered":"Rep\u00fablica Checa"},"content":{"rendered":"<p>Rep\u00fablica Checa es el domicilio del holding y su sede central. Despu\u00e9s del ingreso en la Uni\u00f3n Europea, la Rep\u00fablica Checa se ha convertido en un territorio estrat\u00e9gico que ofrece posibilidades de trabajo en otros pa\u00edses de la UE. Tomando en cuenta la situaci\u00f3n actual econ\u00f3mica y social, esta divisi\u00f3n est\u00e1 especialmente enfocada en la oferta de proyectos hidr\u00e1ulicos que sean en armon\u00eda con naturaleza y paisaje y que posibiliten la conservaci\u00f3n de valores naturales en Europa.<\/p>","protected":false},"excerpt":{"rendered":"<p>Rep\u00fablica Checa es el domicilio del holding y su sede central. Despu\u00e9s del ingreso en la Uni\u00f3n Europea, la Rep\u00fablica Checa se ha convertido en un territorio estrat\u00e9gico que ofrece posibilidades de trabajo en otros pa\u00edses de la UE. Tomando en cuenta la situaci\u00f3n actual econ\u00f3mica y social, esta divisi\u00f3n est\u00e1 especialmente enfocada en la [&hellip;]<\/p>\n","protected":false},"author":1,"featured_media":0,"parent":14,"menu_order":0,"comment_status":"closed","ping_status":"closed","template":"region.php","meta":{"_monsterinsights_skip_tracking":false,"_monsterinsights_sitenote_active":false,"_monsterinsights_sitenote_note":"","_monsterinsights_sitenote_category":0},"aioseo_notices":[],"_links":{"self":[{"href":"https:\/\/sindlar.cz\/es\/wp-json\/wp\/v2\/pages\/141"}],"collection":[{"href":"https:\/\/sindlar.cz\/es\/wp-json\/wp\/v2\/pages"}],"about":[{"href":"https:\/\/sindlar.cz\/es\/wp-json\/wp\/v2\/types\/page"}],"author":[{"embeddable":true,"href":"https:\/\/sindlar.cz\/es\/wp-json\/wp\/v2\/users\/1"}],"replies":[{"embeddable":true,"href":"https:\/\/sindlar.cz\/es\/wp-json\/wp\/v2\/comments?post=141"}],"version-history":[{"count":2,"href":"https:\/\/sindlar.cz\/es\/wp-json\/wp\/v2\/pages\/141\/revisions"}],"predecessor-version":[{"id":1938,"href":"https:\/\/sindlar.cz\/es\/wp-json\/wp\/v2\/pages\/141\/revisions\/1938"}],"up":[{"embeddable":true,"href":"https:\/\/sindlar.cz\/es\/wp-json\/wp\/v2\/pages\/14"}],"wp:attachment":[{"href":"https:\/\/sindlar.cz\/es\/wp-json\/wp\/v2\/media?parent=141"}],"curies":[{"name":"wp","href":"https:\/\/api.w.org\/{rel}","templated":true}]}}