{"id":143,"date":"2016-01-25T10:28:39","date_gmt":"2016-01-25T10:28:39","guid":{"rendered":"http:\/\/localhost\/wordpress\/?page_id=143"},"modified":"2018-02-12T08:47:06","modified_gmt":"2018-02-12T08:47:06","slug":"slovensko","status":"publish","type":"page","link":"https:\/\/sindlar.cz\/es\/regionalni-aktivity\/slovensko\/","title":{"rendered":"Eslovaquia"},"content":{"rendered":"<p>Eslovaquia es un territorio estrat\u00e9gico para nuestra oferta y el grupo SINDLAR desarrolla sus actividades en este pa\u00eds a partir del a\u00f1o 2008. Actualmente se est\u00e1 ejecutando el proyecto piloto \u201cRestauraci\u00f3n del r\u00edo Domani\u017eanka\u201d donde nuestras empresas participan como consultores.<\/p>\n<p>Nuestra oferta en esta regi\u00f3n est\u00e1 enfocada en obras hidr\u00e1ulicas que est\u00e9n en armon\u00eda con los requerimientos de la Directiva Marco del Agua y en medidas de defensa contra inundaciones en armon\u00eda con la naturaleza.<\/p>\n<p>Otro tema importante para el territorio son planes de gesti\u00f3n de cuencas y proyectos y dise\u00f1os de todo tipo de obras hidr\u00e1ulicas.<\/p>","protected":false},"excerpt":{"rendered":"<p>Eslovaquia es un territorio estrat\u00e9gico para nuestra oferta y el grupo SINDLAR desarrolla sus actividades en este pa\u00eds a partir del a\u00f1o 2008. Actualmente se est\u00e1 ejecutando el proyecto piloto \u201cRestauraci\u00f3n del r\u00edo Domani\u017eanka\u201d donde nuestras empresas participan como consultores. Nuestra oferta en esta regi\u00f3n est\u00e1 enfocada en obras hidr\u00e1ulicas que est\u00e9n en armon\u00eda con [&hellip;]<\/p>\n","protected":false},"author":1,"featured_media":0,"parent":14,"menu_order":0,"comment_status":"closed","ping_status":"closed","template":"region.php","meta":{"_monsterinsights_skip_tracking":false,"_monsterinsights_sitenote_active":false,"_monsterinsights_sitenote_note":"","_monsterinsights_sitenote_category":0},"aioseo_notices":[],"_links":{"self":[{"href":"https:\/\/sindlar.cz\/es\/wp-json\/wp\/v2\/pages\/143"}],"collection":[{"href":"https:\/\/sindlar.cz\/es\/wp-json\/wp\/v2\/pages"}],"about":[{"href":"https:\/\/sindlar.cz\/es\/wp-json\/wp\/v2\/types\/page"}],"author":[{"embeddable":true,"href":"https:\/\/sindlar.cz\/es\/wp-json\/wp\/v2\/users\/1"}],"replies":[{"embeddable":true,"href":"https:\/\/sindlar.cz\/es\/wp-json\/wp\/v2\/comments?post=143"}],"version-history":[{"count":3,"href":"https:\/\/sindlar.cz\/es\/wp-json\/wp\/v2\/pages\/143\/revisions"}],"predecessor-version":[{"id":2195,"href":"https:\/\/sindlar.cz\/es\/wp-json\/wp\/v2\/pages\/143\/revisions\/2195"}],"up":[{"embeddable":true,"href":"https:\/\/sindlar.cz\/es\/wp-json\/wp\/v2\/pages\/14"}],"wp:attachment":[{"href":"https:\/\/sindlar.cz\/es\/wp-json\/wp\/v2\/media?parent=143"}],"curies":[{"name":"wp","href":"https:\/\/api.w.org\/{rel}","templated":true}]}}