{"id":145,"date":"2016-01-25T10:29:15","date_gmt":"2016-01-25T10:29:15","guid":{"rendered":"http:\/\/localhost\/wordpress\/?page_id=145"},"modified":"2023-05-09T10:44:39","modified_gmt":"2023-05-09T09:44:39","slug":"spojene-staty-americke","status":"publish","type":"page","link":"https:\/\/sindlar.cz\/es\/regionalni-aktivity\/spojene-staty-americke\/","title":{"rendered":"Estados Unidos de Am\u00e9rica"},"content":{"rendered":"<p>Los contactos profesionales con EEUU se desarrollan a partir del a\u00f1o 1996 y est\u00e1n basados en relaciones profesionales y personales con muchos expertos estadounidenses. Se han realizado varios viajes a este pa\u00eds con el objetivo de investigar y consultar los asuntos como restauraci\u00f3n de r\u00edos, analices geomorfol\u00f3gicos fluviales, analices del r\u00e9gimen de sedimentos y ejecuci\u00f3n de este tipo de proyectos. Tenemos buenas relaciones especialmente con expertos de Montana y California.<\/p>\n<p>El grupo SINDLAR tambi\u00e9n participa en algunos eventos importantes que tienen lugar en EEUU, como por ejemplo conferencias especializadas.<\/p>\n<p>Las investigaciones de la morfolog\u00eda natural de r\u00edos estadounidenses han sido una de las fuentes m\u00e1s importantes para la publicaci\u00f3n \u201eProcesos geomorfol\u00f3gicos de evoluci\u00f3n de r\u00edos\u201c.<\/p>","protected":false},"excerpt":{"rendered":"<p>Los contactos profesionales con EEUU se desarrollan a partir del a\u00f1o 1996 y est\u00e1n basados en relaciones profesionales y personales con muchos expertos estadounidenses. Se han realizado varios viajes a este pa\u00eds con el objetivo de investigar y consultar los asuntos como restauraci\u00f3n de r\u00edos, analices geomorfol\u00f3gicos fluviales, analices del r\u00e9gimen de sedimentos y ejecuci\u00f3n [&hellip;]<\/p>\n","protected":false},"author":1,"featured_media":0,"parent":14,"menu_order":0,"comment_status":"closed","ping_status":"closed","template":"region.php","meta":{"_monsterinsights_skip_tracking":false,"_monsterinsights_sitenote_active":false,"_monsterinsights_sitenote_note":"","_monsterinsights_sitenote_category":0},"aioseo_notices":[],"_links":{"self":[{"href":"https:\/\/sindlar.cz\/es\/wp-json\/wp\/v2\/pages\/145"}],"collection":[{"href":"https:\/\/sindlar.cz\/es\/wp-json\/wp\/v2\/pages"}],"about":[{"href":"https:\/\/sindlar.cz\/es\/wp-json\/wp\/v2\/types\/page"}],"author":[{"embeddable":true,"href":"https:\/\/sindlar.cz\/es\/wp-json\/wp\/v2\/users\/1"}],"replies":[{"embeddable":true,"href":"https:\/\/sindlar.cz\/es\/wp-json\/wp\/v2\/comments?post=145"}],"version-history":[{"count":3,"href":"https:\/\/sindlar.cz\/es\/wp-json\/wp\/v2\/pages\/145\/revisions"}],"predecessor-version":[{"id":4009,"href":"https:\/\/sindlar.cz\/es\/wp-json\/wp\/v2\/pages\/145\/revisions\/4009"}],"up":[{"embeddable":true,"href":"https:\/\/sindlar.cz\/es\/wp-json\/wp\/v2\/pages\/14"}],"wp:attachment":[{"href":"https:\/\/sindlar.cz\/es\/wp-json\/wp\/v2\/media?parent=145"}],"curies":[{"name":"wp","href":"https:\/\/api.w.org\/{rel}","templated":true}]}}