{"id":147,"date":"2016-01-25T10:29:27","date_gmt":"2016-01-25T10:29:27","guid":{"rendered":"http:\/\/localhost\/wordpress\/?page_id=147"},"modified":"2018-03-12T10:02:44","modified_gmt":"2018-03-12T10:02:44","slug":"irak","status":"publish","type":"page","link":"https:\/\/sindlar.cz\/es\/regionalni-aktivity\/irak\/","title":{"rendered":"Irak"},"content":{"rendered":"<p>Las actividades del grupo SINDLAR en Iraq se desarrollan a partir del a\u00f1o 2008 y est\u00e1n enfocadas en la esfera de ordenamiento territorial y desarrollo estrat\u00e9gico de algunas ciudades y regiones. En cooperaci\u00f3n con la sociedad Jiran \u2013 Kohout Architekti s.r.o. (empresa de arquitectos) ofrecemos servicios de consultor\u00eda en el sector de infraestructura (obras hidr\u00e1ulicas, recursos h\u00eddricos, agua potable, saneamiento, agua para industria y agricultura etc.), paisajismo y protecci\u00f3n de ecosistemas acu\u00e1ticos. Actualmente brindamos estos servicios para 7 ciudades, la m\u00e1s grande de 110,000 habitantes, localizadas entre Bagdad y Basra.<\/p>\n<p>La estrategia de nuestro grupo en este territorio es continuar con los proyectos de ordenamiento territorial y ampliar nuestros servicios ofreciendo tambi\u00e9n proyectos y dise\u00f1os de obras hidr\u00e1ulicas concretas, especialmente de la esfera de sistemas de agua potable y saneamiento.<\/p>","protected":false},"excerpt":{"rendered":"<p>Las actividades del grupo SINDLAR en Iraq se desarrollan a partir del a\u00f1o 2008 y est\u00e1n enfocadas en la esfera de ordenamiento territorial y desarrollo estrat\u00e9gico de algunas ciudades y regiones. En cooperaci\u00f3n con la sociedad Jiran \u2013 Kohout Architekti s.r.o. (empresa de arquitectos) ofrecemos servicios de consultor\u00eda en el sector de infraestructura (obras hidr\u00e1ulicas, [&hellip;]<\/p>\n","protected":false},"author":1,"featured_media":0,"parent":14,"menu_order":0,"comment_status":"closed","ping_status":"closed","template":"region.php","meta":{"_monsterinsights_skip_tracking":false,"_monsterinsights_sitenote_active":false,"_monsterinsights_sitenote_note":"","_monsterinsights_sitenote_category":0},"aioseo_notices":[],"_links":{"self":[{"href":"https:\/\/sindlar.cz\/es\/wp-json\/wp\/v2\/pages\/147"}],"collection":[{"href":"https:\/\/sindlar.cz\/es\/wp-json\/wp\/v2\/pages"}],"about":[{"href":"https:\/\/sindlar.cz\/es\/wp-json\/wp\/v2\/types\/page"}],"author":[{"embeddable":true,"href":"https:\/\/sindlar.cz\/es\/wp-json\/wp\/v2\/users\/1"}],"replies":[{"embeddable":true,"href":"https:\/\/sindlar.cz\/es\/wp-json\/wp\/v2\/comments?post=147"}],"version-history":[{"count":6,"href":"https:\/\/sindlar.cz\/es\/wp-json\/wp\/v2\/pages\/147\/revisions"}],"predecessor-version":[{"id":1943,"href":"https:\/\/sindlar.cz\/es\/wp-json\/wp\/v2\/pages\/147\/revisions\/1943"}],"up":[{"embeddable":true,"href":"https:\/\/sindlar.cz\/es\/wp-json\/wp\/v2\/pages\/14"}],"wp:attachment":[{"href":"https:\/\/sindlar.cz\/es\/wp-json\/wp\/v2\/media?parent=147"}],"curies":[{"name":"wp","href":"https:\/\/api.w.org\/{rel}","templated":true}]}}