{"id":152,"date":"2016-01-25T10:31:46","date_gmt":"2016-01-25T10:31:46","guid":{"rendered":"http:\/\/localhost\/wordpress\/?page_id=152"},"modified":"2018-01-25T16:56:32","modified_gmt":"2018-01-25T16:56:32","slug":"sri-lanka","status":"publish","type":"page","link":"https:\/\/sindlar.cz\/es\/regionalni-aktivity\/sri-lanka\/","title":{"rendered":"Nepal"},"content":{"rendered":"<p>Nepal es uno de los territorios nuevos donde el grupo SINDLAR desarrolla sus actividades a partir del a\u00f1o 2011. Hemos adquirido contactos con empresas locales y actualmente se est\u00e1n preparando primeros proyectos.<\/p>\n<p>Los temas actuales en este pa\u00eds son especialmente proyectos hidroenerg\u00e9ticos, suministro de agua potable a los habitantes y agua para agricultura. Otro asunto actual son las medidas de mitigaci\u00f3n de efectos de cambios clim\u00e1ticos, especialmente en el territorio de Himalaya, donde la desaparici\u00f3n de glaciares causa problemas graves.<\/p>\n<p>En el futuro nos queremos enfocar tambi\u00e9n en la oferta de servicios de obras de defensa contra inundaciones e introducci\u00f3n de sistemas de monitoria de datos hidrol\u00f3gicos (estaciones meteorol\u00f3gicas e limnigr\u00e1ficas).<\/p>","protected":false},"excerpt":{"rendered":"<p>Nepal es uno de los territorios nuevos donde el grupo SINDLAR desarrolla sus actividades a partir del a\u00f1o 2011. Hemos adquirido contactos con empresas locales y actualmente se est\u00e1n preparando primeros proyectos. Los temas actuales en este pa\u00eds son especialmente proyectos hidroenerg\u00e9ticos, suministro de agua potable a los habitantes y agua para agricultura. Otro asunto [&hellip;]<\/p>\n","protected":false},"author":1,"featured_media":0,"parent":14,"menu_order":0,"comment_status":"closed","ping_status":"closed","template":"region.php","meta":{"_monsterinsights_skip_tracking":false,"_monsterinsights_sitenote_active":false,"_monsterinsights_sitenote_note":"","_monsterinsights_sitenote_category":0},"aioseo_notices":[],"_links":{"self":[{"href":"https:\/\/sindlar.cz\/es\/wp-json\/wp\/v2\/pages\/152"}],"collection":[{"href":"https:\/\/sindlar.cz\/es\/wp-json\/wp\/v2\/pages"}],"about":[{"href":"https:\/\/sindlar.cz\/es\/wp-json\/wp\/v2\/types\/page"}],"author":[{"embeddable":true,"href":"https:\/\/sindlar.cz\/es\/wp-json\/wp\/v2\/users\/1"}],"replies":[{"embeddable":true,"href":"https:\/\/sindlar.cz\/es\/wp-json\/wp\/v2\/comments?post=152"}],"version-history":[{"count":3,"href":"https:\/\/sindlar.cz\/es\/wp-json\/wp\/v2\/pages\/152\/revisions"}],"predecessor-version":[{"id":1946,"href":"https:\/\/sindlar.cz\/es\/wp-json\/wp\/v2\/pages\/152\/revisions\/1946"}],"up":[{"embeddable":true,"href":"https:\/\/sindlar.cz\/es\/wp-json\/wp\/v2\/pages\/14"}],"wp:attachment":[{"href":"https:\/\/sindlar.cz\/es\/wp-json\/wp\/v2\/media?parent=152"}],"curies":[{"name":"wp","href":"https:\/\/api.w.org\/{rel}","templated":true}]}}