{"id":155,"date":"2016-01-25T10:32:17","date_gmt":"2016-01-25T10:32:17","guid":{"rendered":"http:\/\/localhost\/wordpress\/?page_id=155"},"modified":"2018-03-15T12:14:47","modified_gmt":"2018-03-15T12:14:47","slug":"filipiny","status":"publish","type":"page","link":"https:\/\/sindlar.cz\/es\/regionalni-aktivity\/filipiny\/","title":{"rendered":"Filipinas"},"content":{"rendered":"<p>Filipinas son uno de los territorios nuevos donde el grupo SINDLAR desarrolla sus actividades a partir del a\u00f1o 2011. Hemos adquirido contactos con empresas locales y actualmente se est\u00e1n preparando primeros proyectos.<\/p>\n<p>Los temas actuales en este pa\u00eds son especialmente medidas de defensa contra inundaciones, suministro de agua potable a los habitantes y tratamiento de aguas residuales. Otro asunto actual es la esfera de protecci\u00f3n de medio ambiente y restauraci\u00f3n de r\u00edos.<\/p>\n<p>En el futuro nos queremos enfocar tambi\u00e9n en la oferta de servicios de protecci\u00f3n de la biodiversidad y ecosistemas acu\u00e1ticos.<\/p>\n<p><div id='gallery-3' class='gallery galleryid-155 gallery-columns-3 gallery-size-thumbnail'><dl class='gallery-item'>\n\t\t\t<dt class='gallery-icon landscape'>\n\t\t\t\t<a href='https:\/\/sindlar.cz\/wp-content\/uploads\/SAM_4945.jpg' title=\"\" data-rl_title=\"\" class=\"rl-gallery-link\" data-rl_caption=\"\" data-rel=\"lightbox-gallery-3\"><img width=\"300\" height=\"200\" src=\"https:\/\/sindlar.cz\/wp-content\/uploads\/SAM_4945-300x200.jpg\" class=\"attachment-thumbnail size-thumbnail\" alt=\"\" loading=\"lazy\" \/><\/a>\n\t\t\t<\/dt><\/dl><dl class='gallery-item'>\n\t\t\t<dt class='gallery-icon portrait'>\n\t\t\t\t<a href='https:\/\/sindlar.cz\/wp-content\/uploads\/Telemetric-station_Uguiaban.jpg' title=\"\" data-rl_title=\"\" class=\"rl-gallery-link\" data-rl_caption=\"\" data-rel=\"lightbox-gallery-3\"><img width=\"300\" height=\"200\" src=\"https:\/\/sindlar.cz\/wp-content\/uploads\/Telemetric-station_Uguiaban-300x200.jpg\" class=\"attachment-thumbnail size-thumbnail\" alt=\"\" loading=\"lazy\" \/><\/a>\n\t\t\t<\/dt><\/dl><dl class='gallery-item'>\n\t\t\t<dt class='gallery-icon landscape'>\n\t\t\t\t<a href='https:\/\/sindlar.cz\/wp-content\/uploads\/SAM_4969.jpg' title=\"\" data-rl_title=\"\" class=\"rl-gallery-link\" data-rl_caption=\"\" data-rel=\"lightbox-gallery-3\"><img width=\"300\" height=\"200\" src=\"https:\/\/sindlar.cz\/wp-content\/uploads\/SAM_4969-300x200.jpg\" class=\"attachment-thumbnail size-thumbnail\" alt=\"\" loading=\"lazy\" \/><\/a>\n\t\t\t<\/dt><\/dl><br style=\"clear: both\" \/>\n\t\t<\/div>\n<\/p>","protected":false},"excerpt":{"rendered":"<p>Filipinas son uno de los territorios nuevos donde el grupo SINDLAR desarrolla sus actividades a partir del a\u00f1o 2011. Hemos adquirido contactos con empresas locales y actualmente se est\u00e1n preparando primeros proyectos. Los temas actuales en este pa\u00eds son especialmente medidas de defensa contra inundaciones, suministro de agua potable a los habitantes y tratamiento de [&hellip;]<\/p>\n","protected":false},"author":1,"featured_media":0,"parent":14,"menu_order":0,"comment_status":"closed","ping_status":"closed","template":"region.php","meta":{"_monsterinsights_skip_tracking":false,"_monsterinsights_sitenote_active":false,"_monsterinsights_sitenote_note":"","_monsterinsights_sitenote_category":0},"aioseo_notices":[],"_links":{"self":[{"href":"https:\/\/sindlar.cz\/es\/wp-json\/wp\/v2\/pages\/155"}],"collection":[{"href":"https:\/\/sindlar.cz\/es\/wp-json\/wp\/v2\/pages"}],"about":[{"href":"https:\/\/sindlar.cz\/es\/wp-json\/wp\/v2\/types\/page"}],"author":[{"embeddable":true,"href":"https:\/\/sindlar.cz\/es\/wp-json\/wp\/v2\/users\/1"}],"replies":[{"embeddable":true,"href":"https:\/\/sindlar.cz\/es\/wp-json\/wp\/v2\/comments?post=155"}],"version-history":[{"count":7,"href":"https:\/\/sindlar.cz\/es\/wp-json\/wp\/v2\/pages\/155\/revisions"}],"predecessor-version":[{"id":2184,"href":"https:\/\/sindlar.cz\/es\/wp-json\/wp\/v2\/pages\/155\/revisions\/2184"}],"up":[{"embeddable":true,"href":"https:\/\/sindlar.cz\/es\/wp-json\/wp\/v2\/pages\/14"}],"wp:attachment":[{"href":"https:\/\/sindlar.cz\/es\/wp-json\/wp\/v2\/media?parent=155"}],"curies":[{"name":"wp","href":"https:\/\/api.w.org\/{rel}","templated":true}]}}