{"id":158,"date":"2016-01-25T10:35:57","date_gmt":"2016-01-25T10:35:57","guid":{"rendered":"http:\/\/localhost\/wordpress\/?page_id=158"},"modified":"2018-01-25T16:20:23","modified_gmt":"2018-01-25T16:20:23","slug":"peru-2","status":"publish","type":"page","link":"https:\/\/sindlar.cz\/es\/regionalni-aktivity\/peru-2\/","title":{"rendered":"Per\u00fa"},"content":{"rendered":"<p>La divisi\u00f3n fue creada tomando en cuenta la idiosincrasia de Am\u00e9rica Latina, especialmente las condiciones espec\u00edficas pol\u00edticas, sociales, geogr\u00e1ficas y ling\u00fc\u00edsticas. Lima fue elegida como la sede de la divisi\u00f3n por el sistema pol\u00edtico estable y democr\u00e1tico del pa\u00eds, econom\u00eda creciente y buena posici\u00f3n geogr\u00e1fica con aeropuerto internacional que ofrece conexiones con otros pa\u00edses de Am\u00e9rica del Sur y otros continentes.<\/p>\n<p>Se presupone que la oferta de servicios de la divisi\u00f3n ser\u00e1 enfocada en provisi\u00f3n de recursos de agua potable, saneamiento, proyectos hidroenerg\u00e9ticos\u00a0 y defensa contra inundaciones. Otro tema estrat\u00e9gico es la introducci\u00f3n de sistemas de monitoria de datos hidrol\u00f3gicos (estaciones meteorol\u00f3gicas e limnigr\u00e1ficas) y elaboraci\u00f3n de planes de gesti\u00f3n de cuencas hidrogr\u00e1ficas.<\/p>","protected":false},"excerpt":{"rendered":"<p>La divisi\u00f3n fue creada tomando en cuenta la idiosincrasia de Am\u00e9rica Latina, especialmente las condiciones espec\u00edficas pol\u00edticas, sociales, geogr\u00e1ficas y ling\u00fc\u00edsticas. Lima fue elegida como la sede de la divisi\u00f3n por el sistema pol\u00edtico estable y democr\u00e1tico del pa\u00eds, econom\u00eda creciente y buena posici\u00f3n geogr\u00e1fica con aeropuerto internacional que ofrece conexiones con otros pa\u00edses de [&hellip;]<\/p>\n","protected":false},"author":1,"featured_media":0,"parent":14,"menu_order":0,"comment_status":"closed","ping_status":"closed","template":"region.php","meta":{"_monsterinsights_skip_tracking":false,"_monsterinsights_sitenote_active":false,"_monsterinsights_sitenote_note":"","_monsterinsights_sitenote_category":0},"aioseo_notices":[],"_links":{"self":[{"href":"https:\/\/sindlar.cz\/es\/wp-json\/wp\/v2\/pages\/158"}],"collection":[{"href":"https:\/\/sindlar.cz\/es\/wp-json\/wp\/v2\/pages"}],"about":[{"href":"https:\/\/sindlar.cz\/es\/wp-json\/wp\/v2\/types\/page"}],"author":[{"embeddable":true,"href":"https:\/\/sindlar.cz\/es\/wp-json\/wp\/v2\/users\/1"}],"replies":[{"embeddable":true,"href":"https:\/\/sindlar.cz\/es\/wp-json\/wp\/v2\/comments?post=158"}],"version-history":[{"count":3,"href":"https:\/\/sindlar.cz\/es\/wp-json\/wp\/v2\/pages\/158\/revisions"}],"predecessor-version":[{"id":1942,"href":"https:\/\/sindlar.cz\/es\/wp-json\/wp\/v2\/pages\/158\/revisions\/1942"}],"up":[{"embeddable":true,"href":"https:\/\/sindlar.cz\/es\/wp-json\/wp\/v2\/pages\/14"}],"wp:attachment":[{"href":"https:\/\/sindlar.cz\/es\/wp-json\/wp\/v2\/media?parent=158"}],"curies":[{"name":"wp","href":"https:\/\/api.w.org\/{rel}","templated":true}]}}