{"id":163,"date":"2016-01-25T10:37:00","date_gmt":"2016-01-25T10:37:00","guid":{"rendered":"http:\/\/localhost\/wordpress\/?page_id=163"},"modified":"2018-01-30T19:22:56","modified_gmt":"2018-01-30T19:22:56","slug":"kyrgyzstan","status":"publish","type":"page","link":"https:\/\/sindlar.cz\/es\/regionalni-aktivity\/kyrgyzstan\/","title":{"rendered":"Kirguist\u00e1n"},"content":{"rendered":"<p>En Kirguist\u00e1n, las actividades del grupo est\u00e1n enfocadas especialmente en agua para agricultura, sistemas de irrigaciones, agua potable para los habitantes y subsiguientes necesidades hidr\u00e1ulicas de la poblaci\u00f3n.<\/p>\n<p>Otra parte muy importante del trabajo en la esfera de obras hidr\u00e1ulicas son asuntos econ\u00f3micos del proceso de planeamiento en cuencas hidr\u00e1ulicas, incluida su gesti\u00f3n.<\/p>","protected":false},"excerpt":{"rendered":"<p>En Kirguist\u00e1n, las actividades del grupo est\u00e1n enfocadas especialmente en agua para agricultura, sistemas de irrigaciones, agua potable para los habitantes y subsiguientes necesidades hidr\u00e1ulicas de la poblaci\u00f3n. Otra parte muy importante del trabajo en la esfera de obras hidr\u00e1ulicas son asuntos econ\u00f3micos del proceso de planeamiento en cuencas hidr\u00e1ulicas, incluida su gesti\u00f3n.<\/p>\n","protected":false},"author":1,"featured_media":0,"parent":14,"menu_order":0,"comment_status":"closed","ping_status":"closed","template":"region.php","meta":{"_monsterinsights_skip_tracking":false,"_monsterinsights_sitenote_active":false,"_monsterinsights_sitenote_note":"","_monsterinsights_sitenote_category":0},"aioseo_notices":[],"_links":{"self":[{"href":"https:\/\/sindlar.cz\/es\/wp-json\/wp\/v2\/pages\/163"}],"collection":[{"href":"https:\/\/sindlar.cz\/es\/wp-json\/wp\/v2\/pages"}],"about":[{"href":"https:\/\/sindlar.cz\/es\/wp-json\/wp\/v2\/types\/page"}],"author":[{"embeddable":true,"href":"https:\/\/sindlar.cz\/es\/wp-json\/wp\/v2\/users\/1"}],"replies":[{"embeddable":true,"href":"https:\/\/sindlar.cz\/es\/wp-json\/wp\/v2\/comments?post=163"}],"version-history":[{"count":2,"href":"https:\/\/sindlar.cz\/es\/wp-json\/wp\/v2\/pages\/163\/revisions"}],"predecessor-version":[{"id":2022,"href":"https:\/\/sindlar.cz\/es\/wp-json\/wp\/v2\/pages\/163\/revisions\/2022"}],"up":[{"embeddable":true,"href":"https:\/\/sindlar.cz\/es\/wp-json\/wp\/v2\/pages\/14"}],"wp:attachment":[{"href":"https:\/\/sindlar.cz\/es\/wp-json\/wp\/v2\/media?parent=163"}],"curies":[{"name":"wp","href":"https:\/\/api.w.org\/{rel}","templated":true}]}}