{"id":2,"date":"2016-01-19T09:14:38","date_gmt":"2016-01-19T09:14:38","guid":{"rendered":"http:\/\/localhost\/wordpress\/?page_id=2"},"modified":"2020-04-22T15:11:50","modified_gmt":"2020-04-22T15:11:50","slug":"o-nas","status":"publish","type":"page","link":"https:\/\/sindlar.cz\/es\/o-nas\/","title":{"rendered":"Acerca del grupo"},"content":{"rendered":"<p>El objetivo del grupo SINDLAR es garantizar la m\u00e1s amplia gama posible de servicios en el \u00e1mbito del manejo y gesti\u00f3n de agua, con el enfoque en la interconexi\u00f3n y armon\u00eda entre obras hidr\u00e1ulicas y el desarrollo sostenible de la sociedad humana, protecci\u00f3n de los recursos naturales y biodiversidad.<\/p>\n<p>La esfera de los servicios ofrecidos est\u00e1 enfocada en consultor\u00eda y preparaci\u00f3n de proyectos, as\u00ed como la supervisi\u00f3n de obras durante su construcci\u00f3n. La parte importante de la preparaci\u00f3n de proyectos espec\u00edficos son los analices y conceptos del planeamiento paisaj\u00edstico, manejo de agua y ordenamiento territorial. El grupo es capaz de resolver proyectos complicados tanto para las instituciones p\u00fablicas como para entidades privadas y cuenta con una extensa lista de proyectos realizados. En los \u00faltimos a\u00f1os el grupo est\u00e1 tratando de penetrar en nuevos mercados y atraer clientes, especialmente en los pa\u00edses fuera de la Uni\u00f3n Europea.<\/p>\n<p>Asimismo, todas las empresas o representaciones del grupo SINDLAR en cooperaci\u00f3n con sus socios estrat\u00e9gicos ofrecen tambi\u00e9n servicios de arquitectura, ordenamiento territorial, obras viales y civiles, geolog\u00eda y geof\u00edsica, hidrogeolog\u00eda y gesti\u00f3n de recursos h\u00eddricos, incluyendo la interpretaci\u00f3n mediante los Sistemas de Informaci\u00f3n Geogr\u00e1fica.<\/p>\n<p>Adem\u00e1s, el grupo desarrolla sus actividades tambi\u00e9n en la esfera de investigaci\u00f3n, educaci\u00f3n, capacitaci\u00f3n y publicaciones, con el enfoque en tecnolog\u00edas innovadoras ecol\u00f3gicas de manejo de agua en el paisaje y recursos de energ\u00eda renovables.<\/p>","protected":false},"excerpt":{"rendered":"<p>El objetivo del grupo SINDLAR es garantizar la m\u00e1s amplia gama posible de servicios en el \u00e1mbito del manejo y gesti\u00f3n de agua, con el enfoque en la interconexi\u00f3n y armon\u00eda entre obras hidr\u00e1ulicas y el desarrollo sostenible de la sociedad humana, protecci\u00f3n de los recursos naturales y biodiversidad. La esfera de los servicios ofrecidos [&hellip;]<\/p>\n","protected":false},"author":1,"featured_media":52,"parent":0,"menu_order":5,"comment_status":"open","ping_status":"closed","template":"","meta":{"_monsterinsights_skip_tracking":false,"_monsterinsights_sitenote_active":false,"_monsterinsights_sitenote_note":"","_monsterinsights_sitenote_category":0},"aioseo_notices":[],"_links":{"self":[{"href":"https:\/\/sindlar.cz\/es\/wp-json\/wp\/v2\/pages\/2"}],"collection":[{"href":"https:\/\/sindlar.cz\/es\/wp-json\/wp\/v2\/pages"}],"about":[{"href":"https:\/\/sindlar.cz\/es\/wp-json\/wp\/v2\/types\/page"}],"author":[{"embeddable":true,"href":"https:\/\/sindlar.cz\/es\/wp-json\/wp\/v2\/users\/1"}],"replies":[{"embeddable":true,"href":"https:\/\/sindlar.cz\/es\/wp-json\/wp\/v2\/comments?post=2"}],"version-history":[{"count":14,"href":"https:\/\/sindlar.cz\/es\/wp-json\/wp\/v2\/pages\/2\/revisions"}],"predecessor-version":[{"id":2575,"href":"https:\/\/sindlar.cz\/es\/wp-json\/wp\/v2\/pages\/2\/revisions\/2575"}],"wp:featuredmedia":[{"embeddable":true,"href":"https:\/\/sindlar.cz\/es\/wp-json\/wp\/v2\/media\/52"}],"wp:attachment":[{"href":"https:\/\/sindlar.cz\/es\/wp-json\/wp\/v2\/media?parent=2"}],"curies":[{"name":"wp","href":"https:\/\/api.w.org\/{rel}","templated":true}]}}