{"id":2337,"date":"2018-04-05T08:55:00","date_gmt":"2018-04-05T08:55:00","guid":{"rendered":"http:\/\/sindlar.cz\/?page_id=2337"},"modified":"2022-11-29T21:42:13","modified_gmt":"2022-11-29T21:42:13","slug":"chile","status":"publish","type":"page","link":"https:\/\/sindlar.cz\/es\/regionalni-aktivity\/chile\/","title":{"rendered":"Chile"},"content":{"rendered":"<p>La Rep\u00fablica de Chile es una regi\u00f3n de gran importancia para el desarrollo de la energ\u00eda hidroel\u00e9ctrica, los servicios de agua potable y alcantarillado, la ecolog\u00eda de los cursos de agua y la protecci\u00f3n de la naturaleza y la defensa contra inundaciones, incluidos los sistemas de alerta.<\/p>\n<div style=\"display:none;\">\n<h2 style=\"text-align: left;\"><strong>SINDLAR Chile SpA<\/strong><\/h2>\n<p>miembro del grupo SINDLAR<br \/>\nSan Pio X N\u00b0 2445, Of. 803<br \/>\nProvidencia, Santiago<\/p>\n<p>RUT: 76.885.629-K<\/p>\n<p>cel.: +56 9 8461548<br \/>\ne-mail: <a href=\"mailto:marketa.steflova@sindlar.cz\" target=\"_blank\" rel=\"noopener noreferrer\">marketa.<span class=\"il\">steflova<\/span>@sindlar.cz<\/a><\/p>\n<p><iframe loading=\"lazy\" style=\"border: 0;\" tabindex=\"0\" src=\"https:\/\/www.google.com\/maps\/embed?pb=!1m18!1m12!1m3!1d3330.059975931246!2d-70.60646358441355!3d-33.42168068078226!2m3!1f0!2f0!3f0!3m2!1i1024!2i768!4f13.1!3m3!1m2!1s0x9662cf6950dd48e1%3A0x6b41be39005fd37!2sSan%20P%C3%ADo%20X%202445%2C%20Of.%20803%2C%20Providencia%2C%20Regi%C3%B3n%20Metropolitana%2C%20Chile!5e0!3m2!1sen!2scz!4v1584109695650!5m2!1sen!2scz\" width=\"430\" height=\"200\" frameborder=\"0\" allowfullscreen=\"allowfullscreen\" aria-hidden=\"false\" data-mce-fragment=\"1\"><\/iframe><\/p>\n<h2 style=\"text-align: left;\"><\/h2>\n<\/div>\n<p><\/p>","protected":false},"excerpt":{"rendered":"<p>La Rep\u00fablica de Chile es una regi\u00f3n de gran importancia para el desarrollo de la energ\u00eda hidroel\u00e9ctrica, los servicios de agua potable y alcantarillado, la ecolog\u00eda de los cursos de agua y la protecci\u00f3n de la naturaleza y la defensa contra inundaciones, incluidos los sistemas de alerta. SINDLAR Chile SpA miembro del grupo SINDLAR San [&hellip;]<\/p>\n","protected":false},"author":1,"featured_media":0,"parent":14,"menu_order":0,"comment_status":"closed","ping_status":"closed","template":"region.php","meta":{"_monsterinsights_skip_tracking":false,"_monsterinsights_sitenote_active":false,"_monsterinsights_sitenote_note":"","_monsterinsights_sitenote_category":0},"aioseo_notices":[],"_links":{"self":[{"href":"https:\/\/sindlar.cz\/es\/wp-json\/wp\/v2\/pages\/2337"}],"collection":[{"href":"https:\/\/sindlar.cz\/es\/wp-json\/wp\/v2\/pages"}],"about":[{"href":"https:\/\/sindlar.cz\/es\/wp-json\/wp\/v2\/types\/page"}],"author":[{"embeddable":true,"href":"https:\/\/sindlar.cz\/es\/wp-json\/wp\/v2\/users\/1"}],"replies":[{"embeddable":true,"href":"https:\/\/sindlar.cz\/es\/wp-json\/wp\/v2\/comments?post=2337"}],"version-history":[{"count":4,"href":"https:\/\/sindlar.cz\/es\/wp-json\/wp\/v2\/pages\/2337\/revisions"}],"predecessor-version":[{"id":3814,"href":"https:\/\/sindlar.cz\/es\/wp-json\/wp\/v2\/pages\/2337\/revisions\/3814"}],"up":[{"embeddable":true,"href":"https:\/\/sindlar.cz\/es\/wp-json\/wp\/v2\/pages\/14"}],"wp:attachment":[{"href":"https:\/\/sindlar.cz\/es\/wp-json\/wp\/v2\/media?parent=2337"}],"curies":[{"name":"wp","href":"https:\/\/api.w.org\/{rel}","templated":true}]}}