{"id":264,"date":"2016-02-25T15:39:42","date_gmt":"2016-02-25T15:39:42","guid":{"rendered":"http:\/\/localhost\/wordpress\/?page_id=264"},"modified":"2023-05-05T10:50:55","modified_gmt":"2023-05-05T09:50:55","slug":"uvodni-stranka","status":"publish","type":"page","link":"https:\/\/sindlar.cz\/es\/","title":{"rendered":"\u00davodn\u00ed str\u00e1nka"},"content":{"rendered":"<p><\/p>\n<h1 style=\"text-align: center;\">Prestamos servicios en la esfera de recursos h\u00eddricos y paisajismo.<\/h1>\n<p style=\"text-align: center;\">Nuestro grupo se enfoca en la interconexi\u00f3n entre las soluciones t\u00e9cnicas y ecol\u00f3gicas, en armon\u00eda con la naturaleza.<\/p>\n<p style=\"text-align: center;\">Miren <a href=\"http:\/\/sindlar.cz\/\/?page_id=12\">la oferta de nuestros servicios y la presentaci\u00f3n de algunos proyectos<\/a>.<\/p>\n<p><\/p>","protected":false},"excerpt":{"rendered":"<p>Prestamos servicios en la esfera de recursos h\u00eddricos y paisajismo. Nuestro grupo se enfoca en la interconexi\u00f3n entre las soluciones t\u00e9cnicas y ecol\u00f3gicas, en armon\u00eda con la naturaleza. Miren la oferta de nuestros servicios y la presentaci\u00f3n de algunos proyectos.<\/p>\n","protected":false},"author":1,"featured_media":0,"parent":0,"menu_order":1,"comment_status":"closed","ping_status":"closed","template":"uvodni.php","meta":{"_monsterinsights_skip_tracking":false,"_monsterinsights_sitenote_active":false,"_monsterinsights_sitenote_note":"","_monsterinsights_sitenote_category":0},"aioseo_notices":[],"_links":{"self":[{"href":"https:\/\/sindlar.cz\/es\/wp-json\/wp\/v2\/pages\/264"}],"collection":[{"href":"https:\/\/sindlar.cz\/es\/wp-json\/wp\/v2\/pages"}],"about":[{"href":"https:\/\/sindlar.cz\/es\/wp-json\/wp\/v2\/types\/page"}],"author":[{"embeddable":true,"href":"https:\/\/sindlar.cz\/es\/wp-json\/wp\/v2\/users\/1"}],"replies":[{"embeddable":true,"href":"https:\/\/sindlar.cz\/es\/wp-json\/wp\/v2\/comments?post=264"}],"version-history":[{"count":35,"href":"https:\/\/sindlar.cz\/es\/wp-json\/wp\/v2\/pages\/264\/revisions"}],"predecessor-version":[{"id":4000,"href":"https:\/\/sindlar.cz\/es\/wp-json\/wp\/v2\/pages\/264\/revisions\/4000"}],"wp:attachment":[{"href":"https:\/\/sindlar.cz\/es\/wp-json\/wp\/v2\/media?parent=264"}],"curies":[{"name":"wp","href":"https:\/\/api.w.org\/{rel}","templated":true}]}}