{"id":3155,"date":"2022-01-10T18:10:46","date_gmt":"2022-01-10T18:10:46","guid":{"rendered":"https:\/\/sindlar.cz\/?page_id=3155"},"modified":"2023-01-04T10:17:00","modified_gmt":"2023-01-04T10:17:00","slug":"nabizene-sluzby","status":"publish","type":"page","link":"https:\/\/sindlar.cz\/es\/nabizene-sluzby\/","title":{"rendered":"Servicios"},"content":{"rendered":"<p><img width=\"300\" height=\"222\" src=\"https:\/\/sindlar.cz\/wp-content\/uploads\/Sindlar_group-e1519911875671.jpg\" class=\"attachment-full size-full wp-post-image\" alt=\"\" loading=\"lazy\"><br \/>\nEl grupo SINDLAR representado por la empresa SINDLAR Group s.r.o. se especializa en consultor\u00eda y preparaci\u00f3n de proyectos en la esfera de<\/p>\n<ul class=\"sluzby-list\">\n<li><strong>medio ambiente y gesti\u00f3n de agua<\/strong><\/li>\n<\/ul>\n<p>Adicionalmente, en cooperaci\u00f3n con especialistas externos, ofrecemos tambi\u00e9n servicios en las esferas de<\/p>\n<ul class=\"sluzby-list\">\n<li>arquitectura y ordenamiento territorial<\/li>\n<li>obras viales y civiles<\/li>\n<li>geolog\u00eda y geof\u00edsica<\/li>\n<li>hidrogeolog\u00eda y recursos h\u00eddricos<\/li>\n<li>interpretaci\u00f3n mediante los Sistemas de Informaci\u00f3n Geogr\u00e1fica.<\/li>\n<\/ul>\n<p>La amplitud de los servicios ofrecidos depende de las condiciones espec\u00edficas de los territorios. Ofrecemos las siguientes etapas de trabajo:<\/p>\n<ul class=\"sluzby-list\">\n<li>gesti\u00f3n de proyectos<\/li>\n<li>elaboraci\u00f3n de todo tipo de dise\u00f1o y documentaci\u00f3n de estudios y proyectos<\/li>\n<li>preparaci\u00f3n administrativa (tr\u00e1mites administrativos de todo tipo)<\/li>\n<li>consultor\u00eda experta (en conexi\u00f3n con programas financiados por la Uni\u00f3n Europea)<\/li>\n<li>suministro de tecnolog\u00edas<\/li>\n<li>ejecuci\u00f3n y supervisi\u00f3n de obras<\/li>\n<\/ul>\n<p>Para los clientes del sector p\u00fablico y privado ofrecemos verificaci\u00f3n de las posibilidades del financiamiento de proyectos mediante cr\u00e9ditos de exportaci\u00f3n o mediante fuentes de financiamiento de la Uni\u00f3n Europea, seg\u00fan la situaci\u00f3n actual en los territorios del trabajo del grupo SINDLAR.<\/p>\n<p>Una de las \u00e1reas espec\u00edficas de nuestro trabajo es capacitaci\u00f3n y programas educativos y sociales que ofrecemos en cooperaci\u00f3n con el sector p\u00fablico y con instituciones educativas de todo tipo, especialmente en las esferas de medio ambiente y gesti\u00f3n de recursos h\u00eddricos.<\/p>","protected":false},"excerpt":{"rendered":"<p>El grupo SINDLAR representado por la empresa SINDLAR Group s.r.o. se especializa en consultor\u00eda y preparaci\u00f3n de proyectos en la esfera de medio ambiente y gesti\u00f3n de agua Adicionalmente, en cooperaci\u00f3n con especialistas externos, ofrecemos tambi\u00e9n servicios en las esferas de arquitectura y ordenamiento territorial obras viales y civiles geolog\u00eda y geof\u00edsica hidrogeolog\u00eda y recursos [&hellip;]<\/p>\n","protected":false},"author":2,"featured_media":0,"parent":0,"menu_order":0,"comment_status":"closed","ping_status":"closed","template":"nabidka-sluzeb.php","meta":{"_monsterinsights_skip_tracking":false,"_monsterinsights_sitenote_active":false,"_monsterinsights_sitenote_note":"","_monsterinsights_sitenote_category":0},"aioseo_notices":[],"_links":{"self":[{"href":"https:\/\/sindlar.cz\/es\/wp-json\/wp\/v2\/pages\/3155"}],"collection":[{"href":"https:\/\/sindlar.cz\/es\/wp-json\/wp\/v2\/pages"}],"about":[{"href":"https:\/\/sindlar.cz\/es\/wp-json\/wp\/v2\/types\/page"}],"author":[{"embeddable":true,"href":"https:\/\/sindlar.cz\/es\/wp-json\/wp\/v2\/users\/2"}],"replies":[{"embeddable":true,"href":"https:\/\/sindlar.cz\/es\/wp-json\/wp\/v2\/comments?post=3155"}],"version-history":[{"count":3,"href":"https:\/\/sindlar.cz\/es\/wp-json\/wp\/v2\/pages\/3155\/revisions"}],"predecessor-version":[{"id":3835,"href":"https:\/\/sindlar.cz\/es\/wp-json\/wp\/v2\/pages\/3155\/revisions\/3835"}],"wp:attachment":[{"href":"https:\/\/sindlar.cz\/es\/wp-json\/wp\/v2\/media?parent=3155"}],"curies":[{"name":"wp","href":"https:\/\/api.w.org\/{rel}","templated":true}]}}