{"id":3200,"date":"2022-01-13T11:07:10","date_gmt":"2022-01-13T11:07:10","guid":{"rendered":"https:\/\/sindlar.cz\/?page_id=3200"},"modified":"2022-11-28T21:43:05","modified_gmt":"2022-11-28T21:43:05","slug":"projektova-priprava-vodohospodarskych-a-ekologickych-staveb","status":"publish","type":"page","link":"https:\/\/sindlar.cz\/es\/nabizene-sluzby\/vodni-hospodarstvi-a-zivotni-prostredi\/projektova-priprava-vodohospodarskych-a-ekologickych-staveb\/","title":{"rendered":"Projektov\u00e1 p\u0159\u00edprava vodohospod\u00e1\u0159sk\u00fdch a ekologick\u00fdch staveb"},"content":{"rendered":"<p class=\"qtranxs-available-languages-message qtranxs-available-languages-message-es\">Disculpa, pero esta entrada est\u00e1 disponible s\u00f3lo en <a href=\"https:\/\/sindlar.cz\/cs\/wp-json\/wp\/v2\/pages\/3200\" class=\"qtranxs-available-language-link qtranxs-available-language-link-cs\" title=\"\u010de\u0161tina\">Checo<\/a> y <a href=\"https:\/\/sindlar.cz\/en\/wp-json\/wp\/v2\/pages\/3200\" class=\"qtranxs-available-language-link qtranxs-available-language-link-en\" title=\"English\">Ingl\u00e9s Estadounidense<\/a>.<\/p>","protected":false},"excerpt":{"rendered":"<p>Disculpa, pero esta entrada est\u00e1 disponible s\u00f3lo en Checo y Ingl\u00e9s Estadounidense.<\/p>\n","protected":false},"author":2,"featured_media":0,"parent":3186,"menu_order":0,"comment_status":"closed","ping_status":"closed","template":"nabidka-sluzeb.php","meta":{"_monsterinsights_skip_tracking":false,"_monsterinsights_sitenote_active":false,"_monsterinsights_sitenote_note":"","_monsterinsights_sitenote_category":0},"aioseo_notices":[],"_links":{"self":[{"href":"https:\/\/sindlar.cz\/es\/wp-json\/wp\/v2\/pages\/3200"}],"collection":[{"href":"https:\/\/sindlar.cz\/es\/wp-json\/wp\/v2\/pages"}],"about":[{"href":"https:\/\/sindlar.cz\/es\/wp-json\/wp\/v2\/types\/page"}],"author":[{"embeddable":true,"href":"https:\/\/sindlar.cz\/es\/wp-json\/wp\/v2\/users\/2"}],"replies":[{"embeddable":true,"href":"https:\/\/sindlar.cz\/es\/wp-json\/wp\/v2\/comments?post=3200"}],"version-history":[{"count":1,"href":"https:\/\/sindlar.cz\/es\/wp-json\/wp\/v2\/pages\/3200\/revisions"}],"predecessor-version":[{"id":3201,"href":"https:\/\/sindlar.cz\/es\/wp-json\/wp\/v2\/pages\/3200\/revisions\/3201"}],"up":[{"embeddable":true,"href":"https:\/\/sindlar.cz\/es\/wp-json\/wp\/v2\/pages\/3186"}],"wp:attachment":[{"href":"https:\/\/sindlar.cz\/es\/wp-json\/wp\/v2\/media?parent=3200"}],"curies":[{"name":"wp","href":"https:\/\/api.w.org\/{rel}","templated":true}]}}