{"id":3214,"date":"2022-01-13T11:24:58","date_gmt":"2022-01-13T11:24:58","guid":{"rendered":"https:\/\/sindlar.cz\/?page_id=3214"},"modified":"2023-05-09T10:36:05","modified_gmt":"2023-05-09T09:36:05","slug":"vodni-audit-pro-prumyslove-arealy","status":"publish","type":"page","link":"https:\/\/sindlar.cz\/es\/nabizene-sluzby\/vodni-hospodarstvi-a-zivotni-prostredi\/vodni-audit-pro-prumyslove-arealy\/","title":{"rendered":"Vodn\u00ed audit pro pr\u016fmyslov\u00e9 are\u00e1ly"},"content":{"rendered":"<p class=\"qtranxs-available-languages-message qtranxs-available-languages-message-es\">Disculpa, pero esta entrada est\u00e1 disponible s\u00f3lo en <a href=\"https:\/\/sindlar.cz\/cs\/wp-json\/wp\/v2\/pages\/3214\" class=\"qtranxs-available-language-link qtranxs-available-language-link-cs\" title=\"\u010de\u0161tina\">Checo<\/a> y <a href=\"https:\/\/sindlar.cz\/en\/wp-json\/wp\/v2\/pages\/3214\" class=\"qtranxs-available-language-link qtranxs-available-language-link-en\" title=\"English\">Ingl\u00e9s Estadounidense<\/a>.<\/p>","protected":false},"excerpt":{"rendered":"<p>Disculpa, pero esta entrada est\u00e1 disponible s\u00f3lo en Checo y Ingl\u00e9s Estadounidense.<\/p>\n","protected":false},"author":2,"featured_media":0,"parent":3186,"menu_order":0,"comment_status":"closed","ping_status":"closed","template":"nabidka-sluzeb.php","meta":{"_monsterinsights_skip_tracking":false,"_monsterinsights_sitenote_active":false,"_monsterinsights_sitenote_note":"","_monsterinsights_sitenote_category":0},"aioseo_notices":[],"_links":{"self":[{"href":"https:\/\/sindlar.cz\/es\/wp-json\/wp\/v2\/pages\/3214"}],"collection":[{"href":"https:\/\/sindlar.cz\/es\/wp-json\/wp\/v2\/pages"}],"about":[{"href":"https:\/\/sindlar.cz\/es\/wp-json\/wp\/v2\/types\/page"}],"author":[{"embeddable":true,"href":"https:\/\/sindlar.cz\/es\/wp-json\/wp\/v2\/users\/2"}],"replies":[{"embeddable":true,"href":"https:\/\/sindlar.cz\/es\/wp-json\/wp\/v2\/comments?post=3214"}],"version-history":[{"count":1,"href":"https:\/\/sindlar.cz\/es\/wp-json\/wp\/v2\/pages\/3214\/revisions"}],"predecessor-version":[{"id":3215,"href":"https:\/\/sindlar.cz\/es\/wp-json\/wp\/v2\/pages\/3214\/revisions\/3215"}],"up":[{"embeddable":true,"href":"https:\/\/sindlar.cz\/es\/wp-json\/wp\/v2\/pages\/3186"}],"wp:attachment":[{"href":"https:\/\/sindlar.cz\/es\/wp-json\/wp\/v2\/media?parent=3214"}],"curies":[{"name":"wp","href":"https:\/\/api.w.org\/{rel}","templated":true}]}}