{"id":3459,"date":"2022-05-31T18:16:24","date_gmt":"2022-05-31T18:16:24","guid":{"rendered":"https:\/\/sindlar.cz\/?page_id=3459"},"modified":"2025-11-04T06:22:33","modified_gmt":"2025-11-04T05:22:33","slug":"vodohospodarske-koncepce-a-planovani-projekty-gis","status":"publish","type":"page","link":"https:\/\/sindlar.cz\/es\/nabizene-sluzby\/vodni-hospodarstvi-a-zivotni-prostredi\/studie-a-informacni-systemy\/vodohospodarske-koncepce-a-planovani-projekty-gis\/","title":{"rendered":"Conceptos hidrol\u00f3gicos y planeamiento, proyectos SIG"},"content":{"rendered":"<p>Preparamos y procesamos materiales para la planificaci\u00f3n estrat\u00e9gica en la esfera de la gesti\u00f3n del agua desde el nivel local hasta el nacional. Estos incluyen planes de gesti\u00f3n de cuencas hidrogr\u00e1ficas, planes de gesti\u00f3n del riesgo de inundaci\u00f3n, sistemas de alerta en el \u00e1rea de prevenci\u00f3n de inundaciones, evaluaci\u00f3n de riesgos de inundaciones y amenazas al territorio, propuestas para medidas contra el cambio clim\u00e1tico.<\/p>","protected":false},"excerpt":{"rendered":"<p>Preparamos y procesamos materiales para la planificaci\u00f3n estrat\u00e9gica en la esfera de la gesti\u00f3n del agua desde el nivel local hasta el nacional. Estos incluyen planes de gesti\u00f3n de cuencas hidrogr\u00e1ficas, planes de gesti\u00f3n del riesgo de inundaci\u00f3n, sistemas de alerta en el \u00e1rea de prevenci\u00f3n de inundaciones, evaluaci\u00f3n de riesgos de inundaciones y amenazas [&hellip;]<\/p>\n","protected":false},"author":2,"featured_media":0,"parent":3191,"menu_order":0,"comment_status":"closed","ping_status":"closed","template":"nabidka-sluzeb.php","meta":{"_monsterinsights_skip_tracking":false,"_monsterinsights_sitenote_active":false,"_monsterinsights_sitenote_note":"","_monsterinsights_sitenote_category":0},"aioseo_notices":[],"_links":{"self":[{"href":"https:\/\/sindlar.cz\/es\/wp-json\/wp\/v2\/pages\/3459"}],"collection":[{"href":"https:\/\/sindlar.cz\/es\/wp-json\/wp\/v2\/pages"}],"about":[{"href":"https:\/\/sindlar.cz\/es\/wp-json\/wp\/v2\/types\/page"}],"author":[{"embeddable":true,"href":"https:\/\/sindlar.cz\/es\/wp-json\/wp\/v2\/users\/2"}],"replies":[{"embeddable":true,"href":"https:\/\/sindlar.cz\/es\/wp-json\/wp\/v2\/comments?post=3459"}],"version-history":[{"count":13,"href":"https:\/\/sindlar.cz\/es\/wp-json\/wp\/v2\/pages\/3459\/revisions"}],"predecessor-version":[{"id":4466,"href":"https:\/\/sindlar.cz\/es\/wp-json\/wp\/v2\/pages\/3459\/revisions\/4466"}],"up":[{"embeddable":true,"href":"https:\/\/sindlar.cz\/es\/wp-json\/wp\/v2\/pages\/3191"}],"wp:attachment":[{"href":"https:\/\/sindlar.cz\/es\/wp-json\/wp\/v2\/media?parent=3459"}],"curies":[{"name":"wp","href":"https:\/\/api.w.org\/{rel}","templated":true}]}}