{"id":3463,"date":"2022-05-31T18:27:17","date_gmt":"2022-05-31T18:27:17","guid":{"rendered":"https:\/\/sindlar.cz\/?page_id=3463"},"modified":"2023-03-30T07:40:47","modified_gmt":"2023-03-30T06:40:47","slug":"studie-ochrany-prirody-a-biodiverzity-uzemni-systemy-ekologicke-stability","status":"publish","type":"page","link":"https:\/\/sindlar.cz\/es\/nabizene-sluzby\/vodni-hospodarstvi-a-zivotni-prostredi\/studie-a-informacni-systemy\/studie-ochrany-prirody-a-biodiverzity-uzemni-systemy-ekologicke-stability\/","title":{"rendered":"Estudios de la protecci\u00f3n de la naturaleza y biodiversidad, Sistemas territoriales de estabilidad ecol\u00f3gica"},"content":{"rendered":"<p>Especialmente elaboraci\u00f3n de todo tipo de estudios y documentos necesarios para la evaluaci\u00f3n de intervenciones en ecosistemas protegidos o especies de plantas y animales en peligro cr\u00edtico. Elaboraci\u00f3n de planes de gesti\u00f3n para zonas NATURA 2000, otras zonas protegidas y sus actualizaciones. Soluciones para los sistemas territoriales de estabilidad ecol\u00f3gica, su actualizaci\u00f3n e incorporaci\u00f3n a la documentaci\u00f3n de la planificaci\u00f3n territorial y a la documentaci\u00f3n de la concentraci\u00f3n parcelaria compleja.<\/p>","protected":false},"excerpt":{"rendered":"<p>Especialmente elaboraci\u00f3n de todo tipo de estudios y documentos necesarios para la evaluaci\u00f3n de intervenciones en ecosistemas protegidos o especies de plantas y animales en peligro cr\u00edtico. Elaboraci\u00f3n de planes de gesti\u00f3n para zonas NATURA 2000, otras zonas protegidas y sus actualizaciones. Soluciones para los sistemas territoriales de estabilidad ecol\u00f3gica, su actualizaci\u00f3n e incorporaci\u00f3n a [&hellip;]<\/p>\n","protected":false},"author":2,"featured_media":0,"parent":3191,"menu_order":0,"comment_status":"closed","ping_status":"closed","template":"nabidka-sluzeb.php","meta":{"_monsterinsights_skip_tracking":false,"_monsterinsights_sitenote_active":false,"_monsterinsights_sitenote_note":"","_monsterinsights_sitenote_category":0},"aioseo_notices":[],"_links":{"self":[{"href":"https:\/\/sindlar.cz\/es\/wp-json\/wp\/v2\/pages\/3463"}],"collection":[{"href":"https:\/\/sindlar.cz\/es\/wp-json\/wp\/v2\/pages"}],"about":[{"href":"https:\/\/sindlar.cz\/es\/wp-json\/wp\/v2\/types\/page"}],"author":[{"embeddable":true,"href":"https:\/\/sindlar.cz\/es\/wp-json\/wp\/v2\/users\/2"}],"replies":[{"embeddable":true,"href":"https:\/\/sindlar.cz\/es\/wp-json\/wp\/v2\/comments?post=3463"}],"version-history":[{"count":10,"href":"https:\/\/sindlar.cz\/es\/wp-json\/wp\/v2\/pages\/3463\/revisions"}],"predecessor-version":[{"id":3982,"href":"https:\/\/sindlar.cz\/es\/wp-json\/wp\/v2\/pages\/3463\/revisions\/3982"}],"up":[{"embeddable":true,"href":"https:\/\/sindlar.cz\/es\/wp-json\/wp\/v2\/pages\/3191"}],"wp:attachment":[{"href":"https:\/\/sindlar.cz\/es\/wp-json\/wp\/v2\/media?parent=3463"}],"curies":[{"name":"wp","href":"https:\/\/api.w.org\/{rel}","templated":true}]}}