{"id":3466,"date":"2022-05-31T18:32:07","date_gmt":"2022-05-31T18:32:07","guid":{"rendered":"https:\/\/sindlar.cz\/?page_id=3466"},"modified":"2022-11-28T22:38:00","modified_gmt":"2022-11-28T22:38:00","slug":"matematicke-modely-zatopova-uzemi-a-projekty-gis","status":"publish","type":"page","link":"https:\/\/sindlar.cz\/es\/nabizene-sluzby\/vodni-hospodarstvi-a-zivotni-prostredi\/studie-a-informacni-systemy\/matematicke-modely-zatopova-uzemi-a-projekty-gis\/","title":{"rendered":"Modelos matem\u00e1ticos, zonas inundables y proyectos SIG"},"content":{"rendered":"<p>Elaboraci\u00f3n de modelos matem\u00e1ticos del flujo de agua en el paisaje, en cursos de agua y redes de abastecimiento de agua y alcantarillado. Procesamiento de los resultados en proyectos SIG y aplicaciones para proyectos de obras hidr\u00e1ulicas y conceptos de defensa contra inundaciones.<\/p>","protected":false},"excerpt":{"rendered":"<p>Elaboraci\u00f3n de modelos matem\u00e1ticos del flujo de agua en el paisaje, en cursos de agua y redes de abastecimiento de agua y alcantarillado. Procesamiento de los resultados en proyectos SIG y aplicaciones para proyectos de obras hidr\u00e1ulicas y conceptos de defensa contra inundaciones.<\/p>\n","protected":false},"author":2,"featured_media":0,"parent":3191,"menu_order":0,"comment_status":"closed","ping_status":"closed","template":"nabidka-sluzeb.php","meta":{"_monsterinsights_skip_tracking":false,"_monsterinsights_sitenote_active":false,"_monsterinsights_sitenote_note":"","_monsterinsights_sitenote_category":0},"aioseo_notices":[],"_links":{"self":[{"href":"https:\/\/sindlar.cz\/es\/wp-json\/wp\/v2\/pages\/3466"}],"collection":[{"href":"https:\/\/sindlar.cz\/es\/wp-json\/wp\/v2\/pages"}],"about":[{"href":"https:\/\/sindlar.cz\/es\/wp-json\/wp\/v2\/types\/page"}],"author":[{"embeddable":true,"href":"https:\/\/sindlar.cz\/es\/wp-json\/wp\/v2\/users\/2"}],"replies":[{"embeddable":true,"href":"https:\/\/sindlar.cz\/es\/wp-json\/wp\/v2\/comments?post=3466"}],"version-history":[{"count":5,"href":"https:\/\/sindlar.cz\/es\/wp-json\/wp\/v2\/pages\/3466\/revisions"}],"predecessor-version":[{"id":3808,"href":"https:\/\/sindlar.cz\/es\/wp-json\/wp\/v2\/pages\/3466\/revisions\/3808"}],"up":[{"embeddable":true,"href":"https:\/\/sindlar.cz\/es\/wp-json\/wp\/v2\/pages\/3191"}],"wp:attachment":[{"href":"https:\/\/sindlar.cz\/es\/wp-json\/wp\/v2\/media?parent=3466"}],"curies":[{"name":"wp","href":"https:\/\/api.w.org\/{rel}","templated":true}]}}