{"id":3470,"date":"2022-05-31T18:38:35","date_gmt":"2022-05-31T18:38:35","guid":{"rendered":"https:\/\/sindlar.cz\/?page_id=3470"},"modified":"2022-11-28T21:55:58","modified_gmt":"2022-11-28T21:55:58","slug":"revitalizace-rek-mokradu-a-udolnich-niv-vazba-na-architekturu-mest","status":"publish","type":"page","link":"https:\/\/sindlar.cz\/es\/nabizene-sluzby\/vodni-hospodarstvi-a-zivotni-prostredi\/krajinne-inzenyrstvi-a-revitalizace-vodnich-toku\/revitalizace-rek-mokradu-a-udolnich-niv-vazba-na-architekturu-mest\/","title":{"rendered":"Restauraci\u00f3n de ros, humedales y planicies aluviales, conexi\u00f3n con la arquitectura urbana"},"content":{"rendered":"<p>Son actividades relacionadas con la restauraci\u00f3n de los ecosistemas acu\u00e1ticos modificados y da\u00f1ados por las actividades humanas, especialmente cursos de agua, humedales y planicies aluviales. El tema m\u00e1s importante son las soluciones arquitect\u00f3nicas y funcionales de los cursos de agua como parte del ambiente urbano, los parques y las zonas suburbanas recreativas. Incluye un sistema de medidas de adaptaci\u00f3n al cambio clim\u00e1tico.<\/p>","protected":false},"excerpt":{"rendered":"<p>Son actividades relacionadas con la restauraci\u00f3n de los ecosistemas acu\u00e1ticos modificados y da\u00f1ados por las actividades humanas, especialmente cursos de agua, humedales y planicies aluviales. El tema m\u00e1s importante son las soluciones arquitect\u00f3nicas y funcionales de los cursos de agua como parte del ambiente urbano, los parques y las zonas suburbanas recreativas. Incluye un sistema [&hellip;]<\/p>\n","protected":false},"author":2,"featured_media":0,"parent":3195,"menu_order":0,"comment_status":"closed","ping_status":"closed","template":"nabidka-sluzeb.php","meta":{"_monsterinsights_skip_tracking":false,"_monsterinsights_sitenote_active":false,"_monsterinsights_sitenote_note":"","_monsterinsights_sitenote_category":0},"aioseo_notices":[],"_links":{"self":[{"href":"https:\/\/sindlar.cz\/es\/wp-json\/wp\/v2\/pages\/3470"}],"collection":[{"href":"https:\/\/sindlar.cz\/es\/wp-json\/wp\/v2\/pages"}],"about":[{"href":"https:\/\/sindlar.cz\/es\/wp-json\/wp\/v2\/types\/page"}],"author":[{"embeddable":true,"href":"https:\/\/sindlar.cz\/es\/wp-json\/wp\/v2\/users\/2"}],"replies":[{"embeddable":true,"href":"https:\/\/sindlar.cz\/es\/wp-json\/wp\/v2\/comments?post=3470"}],"version-history":[{"count":2,"href":"https:\/\/sindlar.cz\/es\/wp-json\/wp\/v2\/pages\/3470\/revisions"}],"predecessor-version":[{"id":3804,"href":"https:\/\/sindlar.cz\/es\/wp-json\/wp\/v2\/pages\/3470\/revisions\/3804"}],"up":[{"embeddable":true,"href":"https:\/\/sindlar.cz\/es\/wp-json\/wp\/v2\/pages\/3195"}],"wp:attachment":[{"href":"https:\/\/sindlar.cz\/es\/wp-json\/wp\/v2\/media?parent=3470"}],"curies":[{"name":"wp","href":"https:\/\/api.w.org\/{rel}","templated":true}]}}