{"id":3472,"date":"2022-05-31T18:40:19","date_gmt":"2022-05-31T18:40:19","guid":{"rendered":"https:\/\/sindlar.cz\/?page_id=3472"},"modified":"2022-11-28T21:55:31","modified_gmt":"2022-11-28T21:55:31","slug":"geomorfologicke-fluvialni-analyzy","status":"publish","type":"page","link":"https:\/\/sindlar.cz\/es\/nabizene-sluzby\/vodni-hospodarstvi-a-zivotni-prostredi\/krajinne-inzenyrstvi-a-revitalizace-vodnich-toku\/geomorfologicke-fluvialni-analyzy\/","title":{"rendered":"An\u00e1lisis geomorfol\u00f3gicos fluviales"},"content":{"rendered":"<p>Ofrecemos estudios y an\u00e1lisis que describen la evoluci\u00f3n de los cursos de agua en t\u00e9rminos de sus procesos naturales de la evoluci\u00f3n del lecho del r\u00edo y su respuesta a los cambios en las condiciones causadas por las actividades humanas, como los desv\u00edos de los cursos de agua, cambios del r\u00e9gimen hidrol\u00f3gico y sedimentario mediante la construcci\u00f3n de reservorios de agua, la influencia en la sedimentaci\u00f3n en los reservorios u objetos de captaci\u00f3n etc.<\/p>","protected":false},"excerpt":{"rendered":"<p>Ofrecemos estudios y an\u00e1lisis que describen la evoluci\u00f3n de los cursos de agua en t\u00e9rminos de sus procesos naturales de la evoluci\u00f3n del lecho del r\u00edo y su respuesta a los cambios en las condiciones causadas por las actividades humanas, como los desv\u00edos de los cursos de agua, cambios del r\u00e9gimen hidrol\u00f3gico y sedimentario mediante [&hellip;]<\/p>\n","protected":false},"author":2,"featured_media":0,"parent":3195,"menu_order":0,"comment_status":"closed","ping_status":"closed","template":"nabidka-sluzeb.php","meta":{"_monsterinsights_skip_tracking":false,"_monsterinsights_sitenote_active":false,"_monsterinsights_sitenote_note":"","_monsterinsights_sitenote_category":0},"aioseo_notices":[],"_links":{"self":[{"href":"https:\/\/sindlar.cz\/es\/wp-json\/wp\/v2\/pages\/3472"}],"collection":[{"href":"https:\/\/sindlar.cz\/es\/wp-json\/wp\/v2\/pages"}],"about":[{"href":"https:\/\/sindlar.cz\/es\/wp-json\/wp\/v2\/types\/page"}],"author":[{"embeddable":true,"href":"https:\/\/sindlar.cz\/es\/wp-json\/wp\/v2\/users\/2"}],"replies":[{"embeddable":true,"href":"https:\/\/sindlar.cz\/es\/wp-json\/wp\/v2\/comments?post=3472"}],"version-history":[{"count":2,"href":"https:\/\/sindlar.cz\/es\/wp-json\/wp\/v2\/pages\/3472\/revisions"}],"predecessor-version":[{"id":3803,"href":"https:\/\/sindlar.cz\/es\/wp-json\/wp\/v2\/pages\/3472\/revisions\/3803"}],"up":[{"embeddable":true,"href":"https:\/\/sindlar.cz\/es\/wp-json\/wp\/v2\/pages\/3195"}],"wp:attachment":[{"href":"https:\/\/sindlar.cz\/es\/wp-json\/wp\/v2\/media?parent=3472"}],"curies":[{"name":"wp","href":"https:\/\/api.w.org\/{rel}","templated":true}]}}