{"id":3476,"date":"2022-05-31T18:42:39","date_gmt":"2022-05-31T18:42:39","guid":{"rendered":"https:\/\/sindlar.cz\/?page_id=3476"},"modified":"2023-03-30T07:37:45","modified_gmt":"2023-03-30T06:37:45","slug":"vodohospodarske-stavby-a-protipovodnova-ochrana","status":"publish","type":"page","link":"https:\/\/sindlar.cz\/es\/nabizene-sluzby\/vodni-hospodarstvi-a-zivotni-prostredi\/projektova-priprava-vodohospodarskych-a-ekologickych-staveb\/vodohospodarske-stavby-a-protipovodnova-ochrana\/","title":{"rendered":"Obras hidr\u00e1ulicas y defensa contra inundaciones"},"content":{"rendered":"<p>Prestaci\u00f3n de servicios en la esfera de la construcci\u00f3n de obras hidr\u00e1ulicas tales como reservorios de agua, azudes, canales, puentes, modificaciones de cursos de agua y v\u00edas fluviales, etc. Tambi\u00e9n proporcionamos defensa contra inundaciones, especialmente p\u00f3lders, reservorios de retenci\u00f3n, diques para proteger \u00e1reas urbanas, etc. Las medidas de defensa contra inundaciones siempre est\u00e1n dise\u00f1adas con un \u00e9nfasis en los tipos de medidas en armon\u00eda con la naturaleza que minimizan el impacto de las medidas hidrot\u00e9cnicas necesarias en ecosistemas acu\u00e1ticos. Incluye un sistema de medidas de adaptaci\u00f3n al cambio clim\u00e1tico.<\/p>","protected":false},"excerpt":{"rendered":"<p>Prestaci\u00f3n de servicios en la esfera de la construcci\u00f3n de obras hidr\u00e1ulicas tales como reservorios de agua, azudes, canales, puentes, modificaciones de cursos de agua y v\u00edas fluviales, etc. Tambi\u00e9n proporcionamos defensa contra inundaciones, especialmente p\u00f3lders, reservorios de retenci\u00f3n, diques para proteger \u00e1reas urbanas, etc. Las medidas de defensa contra inundaciones siempre est\u00e1n dise\u00f1adas con [&hellip;]<\/p>\n","protected":false},"author":2,"featured_media":0,"parent":3200,"menu_order":0,"comment_status":"closed","ping_status":"closed","template":"nabidka-sluzeb.php","meta":{"_monsterinsights_skip_tracking":false,"_monsterinsights_sitenote_active":false,"_monsterinsights_sitenote_note":"","_monsterinsights_sitenote_category":0},"aioseo_notices":[],"_links":{"self":[{"href":"https:\/\/sindlar.cz\/es\/wp-json\/wp\/v2\/pages\/3476"}],"collection":[{"href":"https:\/\/sindlar.cz\/es\/wp-json\/wp\/v2\/pages"}],"about":[{"href":"https:\/\/sindlar.cz\/es\/wp-json\/wp\/v2\/types\/page"}],"author":[{"embeddable":true,"href":"https:\/\/sindlar.cz\/es\/wp-json\/wp\/v2\/users\/2"}],"replies":[{"embeddable":true,"href":"https:\/\/sindlar.cz\/es\/wp-json\/wp\/v2\/comments?post=3476"}],"version-history":[{"count":5,"href":"https:\/\/sindlar.cz\/es\/wp-json\/wp\/v2\/pages\/3476\/revisions"}],"predecessor-version":[{"id":3981,"href":"https:\/\/sindlar.cz\/es\/wp-json\/wp\/v2\/pages\/3476\/revisions\/3981"}],"up":[{"embeddable":true,"href":"https:\/\/sindlar.cz\/es\/wp-json\/wp\/v2\/pages\/3200"}],"wp:attachment":[{"href":"https:\/\/sindlar.cz\/es\/wp-json\/wp\/v2\/media?parent=3476"}],"curies":[{"name":"wp","href":"https:\/\/api.w.org\/{rel}","templated":true}]}}