{"id":3478,"date":"2022-05-31T18:45:24","date_gmt":"2022-05-31T18:45:24","guid":{"rendered":"https:\/\/sindlar.cz\/?page_id=3478"},"modified":"2022-11-28T22:38:56","modified_gmt":"2022-11-28T22:38:56","slug":"vodni-zdroje-a-vodohospodarske-technologicke-celky","status":"publish","type":"page","link":"https:\/\/sindlar.cz\/es\/nabizene-sluzby\/vodni-hospodarstvi-a-zivotni-prostredi\/projektova-priprava-vodohospodarskych-a-ekologickych-staveb\/vodni-zdroje-a-vodohospodarske-technologicke-celky\/","title":{"rendered":"Recursos h\u00eddricos y sistemas tecnol\u00f3gicos hidr\u00e1ulicos"},"content":{"rendered":"<p>Servicios integrales de abastecimiento de agua a la poblaci\u00f3n y la industria. Investigaciones hidrogeol\u00f3gicas, perforaciones, proyectos de infiltraci\u00f3n artificial. Soluciones tecnol\u00f3gicas para los recursos h\u00eddricos, plantas de tratamiento de agua, tuber\u00edas de agua, dep\u00f3sitos de agua, instalaciones de extracci\u00f3n de agua, tecnolog\u00eda de desalinizaci\u00f3n de agua de mar o soluciones de infiltraci\u00f3n artificial para aumentar las reservas de agua subterr\u00e1nea en zonas semides\u00e9rticas. Adem\u00e1s, se trata de tecnolog\u00edas utilizadas para el riego de tierras agr\u00edcolas.<\/p>","protected":false},"excerpt":{"rendered":"<p>Servicios integrales de abastecimiento de agua a la poblaci\u00f3n y la industria. Investigaciones hidrogeol\u00f3gicas, perforaciones, proyectos de infiltraci\u00f3n artificial. Soluciones tecnol\u00f3gicas para los recursos h\u00eddricos, plantas de tratamiento de agua, tuber\u00edas de agua, dep\u00f3sitos de agua, instalaciones de extracci\u00f3n de agua, tecnolog\u00eda de desalinizaci\u00f3n de agua de mar o soluciones de infiltraci\u00f3n artificial para aumentar [&hellip;]<\/p>\n","protected":false},"author":2,"featured_media":0,"parent":3200,"menu_order":0,"comment_status":"closed","ping_status":"closed","template":"nabidka-sluzeb.php","meta":{"_monsterinsights_skip_tracking":false,"_monsterinsights_sitenote_active":false,"_monsterinsights_sitenote_note":"","_monsterinsights_sitenote_category":0},"aioseo_notices":[],"_links":{"self":[{"href":"https:\/\/sindlar.cz\/es\/wp-json\/wp\/v2\/pages\/3478"}],"collection":[{"href":"https:\/\/sindlar.cz\/es\/wp-json\/wp\/v2\/pages"}],"about":[{"href":"https:\/\/sindlar.cz\/es\/wp-json\/wp\/v2\/types\/page"}],"author":[{"embeddable":true,"href":"https:\/\/sindlar.cz\/es\/wp-json\/wp\/v2\/users\/2"}],"replies":[{"embeddable":true,"href":"https:\/\/sindlar.cz\/es\/wp-json\/wp\/v2\/comments?post=3478"}],"version-history":[{"count":4,"href":"https:\/\/sindlar.cz\/es\/wp-json\/wp\/v2\/pages\/3478\/revisions"}],"predecessor-version":[{"id":3810,"href":"https:\/\/sindlar.cz\/es\/wp-json\/wp\/v2\/pages\/3478\/revisions\/3810"}],"up":[{"embeddable":true,"href":"https:\/\/sindlar.cz\/es\/wp-json\/wp\/v2\/pages\/3200"}],"wp:attachment":[{"href":"https:\/\/sindlar.cz\/es\/wp-json\/wp\/v2\/media?parent=3478"}],"curies":[{"name":"wp","href":"https:\/\/api.w.org\/{rel}","templated":true}]}}