{"id":3480,"date":"2022-05-31T18:47:33","date_gmt":"2022-05-31T18:47:33","guid":{"rendered":"https:\/\/sindlar.cz\/?page_id=3480"},"modified":"2022-11-28T22:39:37","modified_gmt":"2022-11-28T22:39:37","slug":"nakladani-s-destovymi-a-odpadnimi-vodami","status":"publish","type":"page","link":"https:\/\/sindlar.cz\/es\/nabizene-sluzby\/vodni-hospodarstvi-a-zivotni-prostredi\/projektova-priprava-vodohospodarskych-a-ekologickych-staveb\/nakladani-s-destovymi-a-odpadnimi-vodami\/","title":{"rendered":"Manejo de aguas residuales y pluviales"},"content":{"rendered":"<p>Se trata especialmente de prestaci\u00f3n de servicios en el \u00e1rea de planificaci\u00f3n y preparaci\u00f3n de obras para la construcci\u00f3n y mantenimiento de alcantarillado e infraestructura relacionada, como plantas de tratamiento de aguas residuales, modernizaci\u00f3n de plantas existentes. Adem\u00e1s, es la preparaci\u00f3n de documentos para la planificaci\u00f3n estrat\u00e9gica en t\u00e9rminos de desarrollo urbano y medio ambiente urbano. Por \u00faltimo, pero no menos importante, se trata de la aplicaci\u00f3n de tecnolog\u00edas para mejorar el uso de aguas pluviales en \u00e1reas urbanas, su retenci\u00f3n y transformaci\u00f3n para su uso consecuente en el ambiente urbano.<\/p>","protected":false},"excerpt":{"rendered":"<p>Se trata especialmente de prestaci\u00f3n de servicios en el \u00e1rea de planificaci\u00f3n y preparaci\u00f3n de obras para la construcci\u00f3n y mantenimiento de alcantarillado e infraestructura relacionada, como plantas de tratamiento de aguas residuales, modernizaci\u00f3n de plantas existentes. Adem\u00e1s, es la preparaci\u00f3n de documentos para la planificaci\u00f3n estrat\u00e9gica en t\u00e9rminos de desarrollo urbano y medio ambiente [&hellip;]<\/p>\n","protected":false},"author":2,"featured_media":0,"parent":3200,"menu_order":0,"comment_status":"closed","ping_status":"closed","template":"nabidka-sluzeb.php","meta":{"_monsterinsights_skip_tracking":false,"_monsterinsights_sitenote_active":false,"_monsterinsights_sitenote_note":"","_monsterinsights_sitenote_category":0},"aioseo_notices":[],"_links":{"self":[{"href":"https:\/\/sindlar.cz\/es\/wp-json\/wp\/v2\/pages\/3480"}],"collection":[{"href":"https:\/\/sindlar.cz\/es\/wp-json\/wp\/v2\/pages"}],"about":[{"href":"https:\/\/sindlar.cz\/es\/wp-json\/wp\/v2\/types\/page"}],"author":[{"embeddable":true,"href":"https:\/\/sindlar.cz\/es\/wp-json\/wp\/v2\/users\/2"}],"replies":[{"embeddable":true,"href":"https:\/\/sindlar.cz\/es\/wp-json\/wp\/v2\/comments?post=3480"}],"version-history":[{"count":4,"href":"https:\/\/sindlar.cz\/es\/wp-json\/wp\/v2\/pages\/3480\/revisions"}],"predecessor-version":[{"id":3811,"href":"https:\/\/sindlar.cz\/es\/wp-json\/wp\/v2\/pages\/3480\/revisions\/3811"}],"up":[{"embeddable":true,"href":"https:\/\/sindlar.cz\/es\/wp-json\/wp\/v2\/pages\/3200"}],"wp:attachment":[{"href":"https:\/\/sindlar.cz\/es\/wp-json\/wp\/v2\/media?parent=3480"}],"curies":[{"name":"wp","href":"https:\/\/api.w.org\/{rel}","templated":true}]}}