{"id":3482,"date":"2022-05-31T18:48:50","date_gmt":"2022-05-31T18:48:50","guid":{"rendered":"https:\/\/sindlar.cz\/?page_id=3482"},"modified":"2023-05-09T10:38:00","modified_gmt":"2023-05-09T09:38:00","slug":"obnovitelne-zdroje-energie","status":"publish","type":"page","link":"https:\/\/sindlar.cz\/es\/nabizene-sluzby\/vodni-hospodarstvi-a-zivotni-prostredi\/projektova-priprava-vodohospodarskych-a-ekologickych-staveb\/obnovitelne-zdroje-energie\/","title":{"rendered":"Recursos de energ\u00eda renovable"},"content":{"rendered":"<p>Estos incluyen, en particular, el dise\u00f1o y construcci\u00f3n de centrales hidroel\u00e9ctricas, fotovoltaicas y e\u00f3licas, incluida la evaluaci\u00f3n del potencial hidroel\u00e9ctrico de la red hidrogr\u00e1fica, la instalaci\u00f3n, operaci\u00f3n y evaluaci\u00f3n de estaciones autom\u00e1ticas para mediciones del flujo y precipitaci\u00f3n y el rendimiento econ\u00f3mico determinado de futuras inversiones.<\/p>","protected":false},"excerpt":{"rendered":"<p>Estos incluyen, en particular, el dise\u00f1o y construcci\u00f3n de centrales hidroel\u00e9ctricas, fotovoltaicas y e\u00f3licas, incluida la evaluaci\u00f3n del potencial hidroel\u00e9ctrico de la red hidrogr\u00e1fica, la instalaci\u00f3n, operaci\u00f3n y evaluaci\u00f3n de estaciones autom\u00e1ticas para mediciones del flujo y precipitaci\u00f3n y el rendimiento econ\u00f3mico determinado de futuras inversiones.<\/p>\n","protected":false},"author":2,"featured_media":0,"parent":3200,"menu_order":0,"comment_status":"closed","ping_status":"closed","template":"nabidka-sluzeb.php","meta":{"_monsterinsights_skip_tracking":false,"_monsterinsights_sitenote_active":false,"_monsterinsights_sitenote_note":"","_monsterinsights_sitenote_category":0},"aioseo_notices":[],"_links":{"self":[{"href":"https:\/\/sindlar.cz\/es\/wp-json\/wp\/v2\/pages\/3482"}],"collection":[{"href":"https:\/\/sindlar.cz\/es\/wp-json\/wp\/v2\/pages"}],"about":[{"href":"https:\/\/sindlar.cz\/es\/wp-json\/wp\/v2\/types\/page"}],"author":[{"embeddable":true,"href":"https:\/\/sindlar.cz\/es\/wp-json\/wp\/v2\/users\/2"}],"replies":[{"embeddable":true,"href":"https:\/\/sindlar.cz\/es\/wp-json\/wp\/v2\/comments?post=3482"}],"version-history":[{"count":5,"href":"https:\/\/sindlar.cz\/es\/wp-json\/wp\/v2\/pages\/3482\/revisions"}],"predecessor-version":[{"id":4007,"href":"https:\/\/sindlar.cz\/es\/wp-json\/wp\/v2\/pages\/3482\/revisions\/4007"}],"up":[{"embeddable":true,"href":"https:\/\/sindlar.cz\/es\/wp-json\/wp\/v2\/pages\/3200"}],"wp:attachment":[{"href":"https:\/\/sindlar.cz\/es\/wp-json\/wp\/v2\/media?parent=3482"}],"curies":[{"name":"wp","href":"https:\/\/api.w.org\/{rel}","templated":true}]}}