{"id":35,"date":"2016-01-19T19:25:09","date_gmt":"2016-01-19T19:25:09","guid":{"rendered":"http:\/\/localhost\/wordpress\/?page_id=35"},"modified":"2022-02-21T19:32:09","modified_gmt":"2022-02-21T19:32:09","slug":"strategie-a-principy","status":"publish","type":"page","link":"https:\/\/sindlar.cz\/es\/o-nas\/strategie-a-principy\/","title":{"rendered":"Estrategias, principios"},"content":{"rendered":"<p><\/p>\n<h1>Estrategias<\/h1>\n<p>La estrategia b\u00e1sica del holding consiste en creaci\u00f3n de red de sucursales u oficinas de representaci\u00f3n en los pa\u00edses que ofrecen oportunidades para desarrollo de proyectos de obras hidr\u00e1ulicas, medio ambiente y paisajismo.<\/p>\n<p>La oferta b\u00e1sica del grupo est\u00e1 enfocada en agua como factor limitante principal para el desarrollo y sostenibilidad de cada sociedad. El holding cuenta con un grupo de expertos flexible con buena adaptabilidad a diferentes condiciones naturales y socioecon\u00f3micos de las localidades del trabajo en todo el mundo. Nuestra oferta de servicios garantiza soluciones que no da\u00f1en el medio ambiente y la naturaleza.<\/p>\n<p><u>En regiones con econom\u00edas desarrolladas y alto nivel de urbanizaci\u00f3n<\/u>\u00a0las estrategias se basan en oferta de restauraci\u00f3n de cuencas hidrogr\u00e1ficas o ecosistemas acu\u00e1ticos da\u00f1ados, incluida la protecci\u00f3n de recursos h\u00eddricos y biodiversidad del paisaje que posibiliten su uso sostenible. Otro tema actual es la defensa contra inundaciones usando las medidas en armon\u00eda con naturaleza.<\/p>\n<p><u>En regiones subdesarrollados o en desarrollo<\/u>\u00a0las estrategias se basan en oferta de servicios de provisi\u00f3n de recursos de agua potable, agua para industria y agricultura y proyectos de hidroenerg\u00eda para el mejoramiento de nivel higi\u00e9nico, social y de salud de la sociedad. Otro tema importante es el tratamiento de aguas residuales y protecci\u00f3n de ecosistemas para evitar da\u00f1os a los recursos naturales. La defensa contra inundaciones usando las medidas en armon\u00eda con naturaleza tambi\u00e9n es muy actual, especialmente en conexi\u00f3n con planes de ordenamiento territorial y planes de gesti\u00f3n de riesgo de inundaciones. El requisito indispensable para la introducci\u00f3n de estos sistemas es una red de monitoria de estaciones meteorol\u00f3gicas e limnigr\u00e1ficas\u00a0 que posibilite los datos hidrol\u00f3gicos necesarios. Creaci\u00f3n de estas redes es uno de los temas claves de nuestra oferta.<\/p>\n<p>&nbsp;<\/p>\n<h1>Principios comerciales<\/h1>\n<p>Los principios comerciales se basan en el documento interno del grupo que determina el estilo corporativo (corporate identity) y obliga a todos los trabajadores del grupo SINDLAR a tratar a los clientes con respeto y cortes\u00eda intentando solucionar todos sus problemas profesionales.<\/p>\n<p>La buena fama de todas las empresas dentro del grupo se basa en buenas relaciones interpersonales, tanto en el colectivo laboral como entre los trabajadores y nuestros clientes. Lo m\u00e1s importante para nosotros son clientes satisfechos quienes puedan dar buenas referencias de nuestro trabajo.<\/p>\n<p>Todos los trabajadores de nuestro grupo tienen que actuar con honestidad y cumplir con cualquier acuerdo, sea oral o escrito. Sin embargo, todas nuestras relaciones comerciales son sustentadas con contratos. Los mismos principios comerciales esperamos de nuestras contrapartes.<\/p>\n<p>Creemos que la cultura comercial y responsabilidad por cumplimiento de los compromisos son los factores m\u00e1s importantes para las relaciones comerciales a corto y a largo plazo.<\/p>","protected":false},"excerpt":{"rendered":"<p>Estrategias La estrategia b\u00e1sica del holding consiste en creaci\u00f3n de red de sucursales u oficinas de representaci\u00f3n en los pa\u00edses que ofrecen oportunidades para desarrollo de proyectos de obras hidr\u00e1ulicas, medio ambiente y paisajismo. La oferta b\u00e1sica del grupo est\u00e1 enfocada en agua como factor limitante principal para el desarrollo y sostenibilidad de cada sociedad. [&hellip;]<\/p>\n","protected":false},"author":1,"featured_media":0,"parent":2,"menu_order":0,"comment_status":"open","ping_status":"open","template":"","meta":{"_monsterinsights_skip_tracking":false,"_monsterinsights_sitenote_active":false,"_monsterinsights_sitenote_note":"","_monsterinsights_sitenote_category":0},"aioseo_notices":[],"_links":{"self":[{"href":"https:\/\/sindlar.cz\/es\/wp-json\/wp\/v2\/pages\/35"}],"collection":[{"href":"https:\/\/sindlar.cz\/es\/wp-json\/wp\/v2\/pages"}],"about":[{"href":"https:\/\/sindlar.cz\/es\/wp-json\/wp\/v2\/types\/page"}],"author":[{"embeddable":true,"href":"https:\/\/sindlar.cz\/es\/wp-json\/wp\/v2\/users\/1"}],"replies":[{"embeddable":true,"href":"https:\/\/sindlar.cz\/es\/wp-json\/wp\/v2\/comments?post=35"}],"version-history":[{"count":7,"href":"https:\/\/sindlar.cz\/es\/wp-json\/wp\/v2\/pages\/35\/revisions"}],"predecessor-version":[{"id":3401,"href":"https:\/\/sindlar.cz\/es\/wp-json\/wp\/v2\/pages\/35\/revisions\/3401"}],"up":[{"embeddable":true,"href":"https:\/\/sindlar.cz\/es\/wp-json\/wp\/v2\/pages\/2"}],"wp:attachment":[{"href":"https:\/\/sindlar.cz\/es\/wp-json\/wp\/v2\/media?parent=35"}],"curies":[{"name":"wp","href":"https:\/\/api.w.org\/{rel}","templated":true}]}}