{"id":3527,"date":"2022-05-31T20:15:15","date_gmt":"2022-05-31T20:15:15","guid":{"rendered":"https:\/\/sindlar.cz\/?page_id=3527"},"modified":"2022-05-31T20:22:40","modified_gmt":"2022-05-31T20:22:40","slug":"vzdelavaci-kulturni-a-socialni-programy","status":"publish","type":"page","link":"https:\/\/sindlar.cz\/es\/nabizene-sluzby\/vzdelavaci-kulturni-a-socialni-programy\/","title":{"rendered":"Capacitaci\u00f3n, programas culturales y sociales"},"content":{"rendered":"<p>Todas las actividades mencionadas anteriormente se deben consultar con las comunidades locales y el p\u00fablico, para obtener el consentimiento del proyecto y para difundir al p\u00fablico, en cooperaci\u00f3n con la educaci\u00f3n local y el sistema escolar, el conocimiento y la conciencia de la importancia del agua para la sociedad humana. En el caso de las subvenciones para la educaci\u00f3n de los j\u00f3venes, el grupo coopera con las universidades y proporciona informaci\u00f3n desde la pr\u00e1ctica al mundo acad\u00e9mico.<\/p>","protected":false},"excerpt":{"rendered":"<p>Todas las actividades mencionadas anteriormente se deben consultar con las comunidades locales y el p\u00fablico, para obtener el consentimiento del proyecto y para difundir al p\u00fablico, en cooperaci\u00f3n con la educaci\u00f3n local y el sistema escolar, el conocimiento y la conciencia de la importancia del agua para la sociedad humana. En el caso de las [&hellip;]<\/p>\n","protected":false},"author":2,"featured_media":0,"parent":3155,"menu_order":0,"comment_status":"closed","ping_status":"closed","template":"nabidka-sluzeb.php","meta":{"_monsterinsights_skip_tracking":false,"_monsterinsights_sitenote_active":false,"_monsterinsights_sitenote_note":"","_monsterinsights_sitenote_category":0},"aioseo_notices":[],"_links":{"self":[{"href":"https:\/\/sindlar.cz\/es\/wp-json\/wp\/v2\/pages\/3527"}],"collection":[{"href":"https:\/\/sindlar.cz\/es\/wp-json\/wp\/v2\/pages"}],"about":[{"href":"https:\/\/sindlar.cz\/es\/wp-json\/wp\/v2\/types\/page"}],"author":[{"embeddable":true,"href":"https:\/\/sindlar.cz\/es\/wp-json\/wp\/v2\/users\/2"}],"replies":[{"embeddable":true,"href":"https:\/\/sindlar.cz\/es\/wp-json\/wp\/v2\/comments?post=3527"}],"version-history":[{"count":2,"href":"https:\/\/sindlar.cz\/es\/wp-json\/wp\/v2\/pages\/3527\/revisions"}],"predecessor-version":[{"id":3533,"href":"https:\/\/sindlar.cz\/es\/wp-json\/wp\/v2\/pages\/3527\/revisions\/3533"}],"up":[{"embeddable":true,"href":"https:\/\/sindlar.cz\/es\/wp-json\/wp\/v2\/pages\/3155"}],"wp:attachment":[{"href":"https:\/\/sindlar.cz\/es\/wp-json\/wp\/v2\/media?parent=3527"}],"curies":[{"name":"wp","href":"https:\/\/api.w.org\/{rel}","templated":true}]}}