{"id":3530,"date":"2022-05-31T20:21:23","date_gmt":"2022-05-31T20:21:23","guid":{"rendered":"https:\/\/sindlar.cz\/?page_id=3530"},"modified":"2025-11-05T10:01:32","modified_gmt":"2025-11-05T09:01:32","slug":"veda-vyzkum-a-publikace","status":"publish","type":"page","link":"https:\/\/sindlar.cz\/es\/nabizene-sluzby\/veda-vyzkum-a-publikace\/","title":{"rendered":"Ciencia, investigaci\u00f3n y publicaciones"},"content":{"rendered":"<p>Proyectos de investigaci\u00f3n en las esferas relacionadas con la gesti\u00f3n del agua, el desarrollo urbano sostenible, los ecosistemas acu\u00e1ticos y la biodiversidad del paisaje, ya sea solo o en participaci\u00f3n con institutos de investigaci\u00f3n y universidades. Publicaci\u00f3n de resultados, presentaciones en conferencias. Implementaci\u00f3n de hallazgos cient\u00edficos en la pr\u00e1ctica y metodolog\u00edas.<\/p>","protected":false},"excerpt":{"rendered":"<p>Proyectos de investigaci\u00f3n en las esferas relacionadas con la gesti\u00f3n del agua, el desarrollo urbano sostenible, los ecosistemas acu\u00e1ticos y la biodiversidad del paisaje, ya sea solo o en participaci\u00f3n con institutos de investigaci\u00f3n y universidades. Publicaci\u00f3n de resultados, presentaciones en conferencias. Implementaci\u00f3n de hallazgos cient\u00edficos en la pr\u00e1ctica y metodolog\u00edas.<\/p>\n","protected":false},"author":2,"featured_media":0,"parent":3155,"menu_order":0,"comment_status":"closed","ping_status":"closed","template":"nabidka-sluzeb.php","meta":{"_monsterinsights_skip_tracking":false,"_monsterinsights_sitenote_active":false,"_monsterinsights_sitenote_note":"","_monsterinsights_sitenote_category":0},"aioseo_notices":[],"_links":{"self":[{"href":"https:\/\/sindlar.cz\/es\/wp-json\/wp\/v2\/pages\/3530"}],"collection":[{"href":"https:\/\/sindlar.cz\/es\/wp-json\/wp\/v2\/pages"}],"about":[{"href":"https:\/\/sindlar.cz\/es\/wp-json\/wp\/v2\/types\/page"}],"author":[{"embeddable":true,"href":"https:\/\/sindlar.cz\/es\/wp-json\/wp\/v2\/users\/2"}],"replies":[{"embeddable":true,"href":"https:\/\/sindlar.cz\/es\/wp-json\/wp\/v2\/comments?post=3530"}],"version-history":[{"count":2,"href":"https:\/\/sindlar.cz\/es\/wp-json\/wp\/v2\/pages\/3530\/revisions"}],"predecessor-version":[{"id":4475,"href":"https:\/\/sindlar.cz\/es\/wp-json\/wp\/v2\/pages\/3530\/revisions\/4475"}],"up":[{"embeddable":true,"href":"https:\/\/sindlar.cz\/es\/wp-json\/wp\/v2\/pages\/3155"}],"wp:attachment":[{"href":"https:\/\/sindlar.cz\/es\/wp-json\/wp\/v2\/media?parent=3530"}],"curies":[{"name":"wp","href":"https:\/\/api.w.org\/{rel}","templated":true}]}}