{"id":37,"date":"2016-01-19T19:25:21","date_gmt":"2016-01-19T19:25:21","guid":{"rendered":"http:\/\/localhost\/wordpress\/?page_id=37"},"modified":"2020-04-22T15:15:04","modified_gmt":"2020-04-22T15:15:04","slug":"organizacni-struktura","status":"publish","type":"page","link":"https:\/\/sindlar.cz\/es\/o-nas\/organizacni-struktura\/","title":{"rendered":"Estructura organizativa"},"content":{"rendered":"<p>El grupo SINDLAR tiene organizaci\u00f3n vertical y es dirigido y representado por la empresa SINDLAR Group con sede en la Rep\u00fablica Checa.<\/p>\n<p>Las actividades comerciales a nivel internacional est\u00e1n divididas en territorios con similares condiciones geogr\u00e1ficas, pol\u00edticas, organizativas, ling\u00fc\u00edsticas etc.<img loading=\"lazy\" class=\"wp-image-1895 size-thumbnail alignright\" src=\"http:\/\/sindlar.cz\/\/wp-content\/uploads\/o-n\u00e1s_retus-300x200.jpg\" alt=\"\" width=\"300\" height=\"200\" \/><\/p>\n<p>En los pa\u00edses donde desarrollamos algunas actividades el grupo SINDLAR funda sucursales u oficinas de representaci\u00f3n, seg\u00fan las necesidades del mercado concreto. Formas de representaci\u00f3n:<\/p>\n<ul>\n<li>Filiales<\/li>\n<li>Oficinas de empresas<\/li>\n<li>Representaciones comerciales<\/li>\n<li>Ejecuci\u00f3n de proyectos directamente de la sede o de la filial m\u00e1s cercana (sin representaci\u00f3n comercial en el territorio)<\/li>\n<\/ul>\n<p>Todas las formas representativas son dirigidas por la empresa SINDLAR Group.<\/p>\n<p>El organigrama actual de las representaciones a nivel internacional est\u00e1 en las p\u00e1ginas web del grupo SINDLAR.<\/p>","protected":false},"excerpt":{"rendered":"<p>El grupo SINDLAR tiene organizaci\u00f3n vertical y es dirigido y representado por la empresa SINDLAR Group con sede en la Rep\u00fablica Checa. Las actividades comerciales a nivel internacional est\u00e1n divididas en territorios con similares condiciones geogr\u00e1ficas, pol\u00edticas, organizativas, ling\u00fc\u00edsticas etc. En los pa\u00edses donde desarrollamos algunas actividades el grupo SINDLAR funda sucursales u oficinas de [&hellip;]<\/p>\n","protected":false},"author":1,"featured_media":0,"parent":2,"menu_order":0,"comment_status":"open","ping_status":"open","template":"","meta":{"_monsterinsights_skip_tracking":false,"_monsterinsights_sitenote_active":false,"_monsterinsights_sitenote_note":"","_monsterinsights_sitenote_category":0},"aioseo_notices":[],"_links":{"self":[{"href":"https:\/\/sindlar.cz\/es\/wp-json\/wp\/v2\/pages\/37"}],"collection":[{"href":"https:\/\/sindlar.cz\/es\/wp-json\/wp\/v2\/pages"}],"about":[{"href":"https:\/\/sindlar.cz\/es\/wp-json\/wp\/v2\/types\/page"}],"author":[{"embeddable":true,"href":"https:\/\/sindlar.cz\/es\/wp-json\/wp\/v2\/users\/1"}],"replies":[{"embeddable":true,"href":"https:\/\/sindlar.cz\/es\/wp-json\/wp\/v2\/comments?post=37"}],"version-history":[{"count":6,"href":"https:\/\/sindlar.cz\/es\/wp-json\/wp\/v2\/pages\/37\/revisions"}],"predecessor-version":[{"id":2579,"href":"https:\/\/sindlar.cz\/es\/wp-json\/wp\/v2\/pages\/37\/revisions\/2579"}],"up":[{"embeddable":true,"href":"https:\/\/sindlar.cz\/es\/wp-json\/wp\/v2\/pages\/2"}],"wp:attachment":[{"href":"https:\/\/sindlar.cz\/es\/wp-json\/wp\/v2\/media?parent=37"}],"curies":[{"name":"wp","href":"https:\/\/api.w.org\/{rel}","templated":true}]}}