{"id":39,"date":"2016-01-19T19:27:42","date_gmt":"2016-01-19T19:27:42","guid":{"rendered":"http:\/\/localhost\/wordpress\/?page_id=39"},"modified":"2020-04-22T15:22:16","modified_gmt":"2020-04-22T15:22:16","slug":"clenstvi-v-konsorciich","status":"publish","type":"page","link":"https:\/\/sindlar.cz\/es\/o-nas\/clenstvi-v-konsorciich\/","title":{"rendered":"Pertenencia a consorcios"},"content":{"rendered":"<p>Con el objetivo de ampliar las oportunidades comerciales, difundir la oferta de nuestros servicios y mejorar el rating de nuestras empresas, el grupo SINDLAR (representado por la empresa SINDLAR EU) ha entrado en el consorcio\u00a0<strong>Euronet\u00a0Consulting,\u00a0EEIG.<\/strong><\/p>\n<p>El consorcio\u00a0<a href=\"http:\/\/www.euronetconsulting.com\/\">Euronet Consulting<\/a>\u00a0es un grupo paneuropeo creado como equipo de empresas consultoras que, entre otras cosas, brindan consultor\u00eda para proyectos de la Comisi\u00f3n Europea.<\/p>\n<p>La red fue fundada en Bruselas en el a\u00f1o 1990. Cada de las empresas (miembros) tiene su sede en alg\u00fan pa\u00eds de la Uni\u00f3n Europea y dentro del grupo proporciona consultor\u00eda seg\u00fan su especializaci\u00f3n.<\/p>\n<p>El grupo SINDLAR (representado por la empresa SINDLAR EU) brinda consultor\u00eda en la esfera de agua, paisaje y medio ambiente.<\/p>\n<p>Para informaci\u00f3n m\u00e1s detallada, v\u00e9ase la p\u00e1gina web\u00a0<a href=\"http:\/\/www.euronetconsulting.com\/cms\/?page_id=923\">Euronet Consulting<\/a>.<\/p>","protected":false},"excerpt":{"rendered":"<p>Con el objetivo de ampliar las oportunidades comerciales, difundir la oferta de nuestros servicios y mejorar el rating de nuestras empresas, el grupo SINDLAR (representado por la empresa SINDLAR EU) ha entrado en el consorcio\u00a0Euronet\u00a0Consulting,\u00a0EEIG. El consorcio\u00a0Euronet Consulting\u00a0es un grupo paneuropeo creado como equipo de empresas consultoras que, entre otras cosas, brindan consultor\u00eda para proyectos [&hellip;]<\/p>\n","protected":false},"author":1,"featured_media":136,"parent":2,"menu_order":0,"comment_status":"open","ping_status":"open","template":"","meta":{"_monsterinsights_skip_tracking":false,"_monsterinsights_sitenote_active":false,"_monsterinsights_sitenote_note":"","_monsterinsights_sitenote_category":0},"aioseo_notices":[],"_links":{"self":[{"href":"https:\/\/sindlar.cz\/es\/wp-json\/wp\/v2\/pages\/39"}],"collection":[{"href":"https:\/\/sindlar.cz\/es\/wp-json\/wp\/v2\/pages"}],"about":[{"href":"https:\/\/sindlar.cz\/es\/wp-json\/wp\/v2\/types\/page"}],"author":[{"embeddable":true,"href":"https:\/\/sindlar.cz\/es\/wp-json\/wp\/v2\/users\/1"}],"replies":[{"embeddable":true,"href":"https:\/\/sindlar.cz\/es\/wp-json\/wp\/v2\/comments?post=39"}],"version-history":[{"count":5,"href":"https:\/\/sindlar.cz\/es\/wp-json\/wp\/v2\/pages\/39\/revisions"}],"predecessor-version":[{"id":2582,"href":"https:\/\/sindlar.cz\/es\/wp-json\/wp\/v2\/pages\/39\/revisions\/2582"}],"up":[{"embeddable":true,"href":"https:\/\/sindlar.cz\/es\/wp-json\/wp\/v2\/pages\/2"}],"wp:featuredmedia":[{"embeddable":true,"href":"https:\/\/sindlar.cz\/es\/wp-json\/wp\/v2\/media\/136"}],"wp:attachment":[{"href":"https:\/\/sindlar.cz\/es\/wp-json\/wp\/v2\/media?parent=39"}],"curies":[{"name":"wp","href":"https:\/\/api.w.org\/{rel}","templated":true}]}}