{"id":4529,"date":"2026-04-09T13:25:39","date_gmt":"2026-04-09T12:25:39","guid":{"rendered":"https:\/\/sindlar.cz\/?page_id=4529"},"modified":"2026-04-09T13:26:43","modified_gmt":"2026-04-09T12:26:43","slug":"projektant-vh-staveb-junior-hk","status":"publish","type":"page","link":"https:\/\/sindlar.cz\/es\/kariera\/projektant-vh-staveb-junior-hk\/","title":{"rendered":"Projektant\/ka vodohospod\u00e1\u0159sk\u00fdch staveb &#8211; junior"},"content":{"rendered":"<p class=\"qtranxs-available-languages-message qtranxs-available-languages-message-es\">Disculpa, pero esta entrada est\u00e1 disponible s\u00f3lo en <a href=\"https:\/\/sindlar.cz\/cs\/wp-json\/wp\/v2\/pages\/4529\" class=\"qtranxs-available-language-link qtranxs-available-language-link-cs\" title=\"\u010de\u0161tina\">Checo<\/a>.<\/p>","protected":false},"excerpt":{"rendered":"<p>Disculpa, pero esta entrada est\u00e1 disponible s\u00f3lo en Checo.<\/p>\n","protected":false},"author":2,"featured_media":0,"parent":2983,"menu_order":0,"comment_status":"closed","ping_status":"closed","template":"Kontakt_luho.php","meta":{"_monsterinsights_skip_tracking":false,"_monsterinsights_sitenote_active":false,"_monsterinsights_sitenote_note":"","_monsterinsights_sitenote_category":0},"aioseo_notices":[],"_links":{"self":[{"href":"https:\/\/sindlar.cz\/es\/wp-json\/wp\/v2\/pages\/4529"}],"collection":[{"href":"https:\/\/sindlar.cz\/es\/wp-json\/wp\/v2\/pages"}],"about":[{"href":"https:\/\/sindlar.cz\/es\/wp-json\/wp\/v2\/types\/page"}],"author":[{"embeddable":true,"href":"https:\/\/sindlar.cz\/es\/wp-json\/wp\/v2\/users\/2"}],"replies":[{"embeddable":true,"href":"https:\/\/sindlar.cz\/es\/wp-json\/wp\/v2\/comments?post=4529"}],"version-history":[{"count":0,"href":"https:\/\/sindlar.cz\/es\/wp-json\/wp\/v2\/pages\/4529\/revisions"}],"up":[{"embeddable":true,"href":"https:\/\/sindlar.cz\/es\/wp-json\/wp\/v2\/pages\/2983"}],"wp:attachment":[{"href":"https:\/\/sindlar.cz\/es\/wp-json\/wp\/v2\/media?parent=4529"}],"curies":[{"name":"wp","href":"https:\/\/api.w.org\/{rel}","templated":true}]}}